{"id":8842,"date":"2022-09-28T15:44:12","date_gmt":"2022-09-28T15:44:12","guid":{"rendered":"https:\/\/www.patersonsimons.com\/international-parts-sales-manager\/"},"modified":"2022-10-03T06:54:12","modified_gmt":"2022-10-03T06:54:12","slug":"international-parts-sales-manager","status":"publish","type":"page","link":"https:\/\/www.patersonsimons.com\/fr\/international-parts-sales-manager\/","title":{"rendered":"Responsable des ventes de pi\u00e8ces \u00e0 l&rsquo;international"},"content":{"rendered":"<p><strong>Responsable des ventes de pi\u00e8ces \u00e0 l&rsquo;international<\/strong><\/p>\n<p>Lieu: Brighton and Hove, Sussex<br \/>\nTemps-plein \/ CDI<\/p>\n<p>Un poste de responsable des ventes de pi\u00e8ces \u00e0 l&rsquo;international s&rsquo;est ouvert au sein d&rsquo;une entreprise prosp\u00e8re et bien \u00e9tablie d&rsquo;\u00e9quipement de levage lourd dont le si\u00e8ge est \u00e0 Brighton, dans l&rsquo;East Sussex.<\/p>\n<p>L&rsquo;objectif principal du poste sera de maintenir et de d\u00e9velopper les ventes de pi\u00e8ces de rechange conform\u00e9ment \u00e0 la strat\u00e9gie de l&rsquo;entreprise.<\/p>\n<p>Rattach\u00e9 au Directeur G\u00e9n\u00e9ral, les t\u00e2ches incluent la supervision du fonctionnement quotidien de l&rsquo;\u00e9quipe de pi\u00e8ces de 6 personnes et la gestion des relations avec les grands comptes. Le candidat retenu devra savoir d\u00e9velopper de solides relations avec les fabricants et notre \u00e9quipe logistique interne, les filiales et les ing\u00e9nieurs de l&rsquo;entreprise.<\/p>\n<p>Le r\u00f4le n\u00e9cessitera des voyages \u00e0 l&rsquo;\u00e9tranger pour rencontrer les clients existants et acqu\u00e9rir de nouveaux clients. Une liaison \u00e9troite avec les \u00e9quipes du fabricant de pi\u00e8ces sera n\u00e9cessaire. Il faudra \u00e9galement superviser la collecte de donn\u00e9es et l&rsquo;analyse des ventes de pi\u00e8ces et g\u00e9rer efficacement la rotation des stocks des filiales.<\/p>\n<p>Le candidat doit avoir une exp\u00e9rience dans un poste similaire dans les ventes internationales et a au moins 2 ans d&rsquo;exp\u00e9rience en gestion. De bonnes aptitudes techniques, un sens du d\u00e9tail, une gestion de compte export B2B, de solides comp\u00e9tences administratives et organisationnelles et des connaissances en informatique sont \u00e9galement n\u00e9cessaires pour r\u00e9ussir.<\/p>\n<p><strong>Comment postuler :<\/strong><\/p>\n<p>Pour postuler au poste de responsable des ventes de pi\u00e8ces \u00e0 l&rsquo;international, veuillez envoyer votre CV et votre lettre de motivation \u00e0 <a href=\"mailto:recruitment@patersonsimons.com\" target=\"_blank\" rel=\"noopener\">recruitment@patersonsimons.com<\/a> et indiquez \u00ab responsable des ventes de pi\u00e8ces \u00e0 l&rsquo;international\u00bb dans l&rsquo;objet de votre e-mail.<\/p>\n","protected":false},"excerpt":{"rendered":"<p>Responsable des ventes de pi\u00e8ces \u00e0 l&rsquo;international Lieu: Brighton and Hove, Sussex Temps-plein \/ CDI Un poste de responsable des ventes de pi\u00e8ces \u00e0 l&rsquo;international s&rsquo;est ouvert au sein d&rsquo;une entreprise prosp\u00e8re et bien \u00e9tablie d&rsquo;\u00e9quipement de levage lourd dont le si\u00e8ge est \u00e0 Brighton, dans l&rsquo;East Sussex. L&rsquo;objectif principal &#8230;<\/p>\n","protected":false},"author":7,"featured_media":0,"parent":0,"menu_order":0,"comment_status":"closed","ping_status":"closed","template":"","meta":{"_acf_changed":false,"footnotes":""},"class_list":["post-8842","page","type-page","status-publish","hentry","no-post-thumbnail"],"acf":[],"_links":{"self":[{"href":"https:\/\/www.patersonsimons.com\/fr\/wp-json\/wp\/v2\/pages\/8842","targetHints":{"allow":["GET"]}}],"collection":[{"href":"https:\/\/www.patersonsimons.com\/fr\/wp-json\/wp\/v2\/pages"}],"about":[{"href":"https:\/\/www.patersonsimons.com\/fr\/wp-json\/wp\/v2\/types\/page"}],"author":[{"embeddable":true,"href":"https:\/\/www.patersonsimons.com\/fr\/wp-json\/wp\/v2\/users\/7"}],"replies":[{"embeddable":true,"href":"https:\/\/www.patersonsimons.com\/fr\/wp-json\/wp\/v2\/comments?post=8842"}],"version-history":[{"count":3,"href":"https:\/\/www.patersonsimons.com\/fr\/wp-json\/wp\/v2\/pages\/8842\/revisions"}],"predecessor-version":[{"id":8845,"href":"https:\/\/www.patersonsimons.com\/fr\/wp-json\/wp\/v2\/pages\/8842\/revisions\/8845"}],"wp:attachment":[{"href":"https:\/\/www.patersonsimons.com\/fr\/wp-json\/wp\/v2\/media?parent=8842"}],"curies":[{"name":"wp","href":"https:\/\/api.w.org\/{rel}","templated":true}]}}