{"id":7462,"date":"2022-03-31T14:48:56","date_gmt":"2022-03-31T14:48:56","guid":{"rendered":"https:\/\/www.patersonsimons.com\/french-speaking-plant-sales-co-ordinator\/"},"modified":"2022-04-01T15:34:21","modified_gmt":"2022-04-01T15:34:21","slug":"french-speaking-plant-sales-co-ordinator","status":"publish","type":"page","link":"https:\/\/www.patersonsimons.com\/fr\/french-speaking-plant-sales-co-ordinator\/","title":{"rendered":"Coordinateur des ventes francophone"},"content":{"rendered":"<p><strong> Coordinateur des ventes francophone<\/strong><\/p>\n<p>Lieu : Brighton and Hove, Sussex<br \/>\n\u00a321 &#8211; \u00a323,000.00 &#8211; DOE<br \/>\nTemps plein \/ CDI<\/p>\n<p>Paterson Simons est sp\u00e9cialis\u00e9 dans la vente de machines de manutention portuaire et mini\u00e8re vers de nombreuses destinations en Afrique de l&rsquo;Ouest. Notre soci\u00e9t\u00e9 a une excellente r\u00e9putation dans la vente et le service de machines et de pi\u00e8ces en Afrique de l&rsquo;Ouest, que nous nous efforcons de maintenir.<\/p>\n<p>Une opportunit\u00e9 s&rsquo;est pr\u00e9sent\u00e9e dans notre \u00e9quipe de vente bas\u00e9e \u00e0 Brighton, au Royaume-Uni, pour un coordinateur des ventes pour soutenir le directeur des ventes interne et l&rsquo;\u00e9quipe de vente sur le terrain dans la pr\u00e9paration des devis, la r\u00e9alisation des appels d&rsquo;offres et la compilation de rapports pour la direction et les partenaires ext\u00e9rieurs. Comme de nombreux territoires d&rsquo;Afrique de l&rsquo;Ouest sont francophones, nous recherchons une personne ayant de solides comp\u00e9tences en fran\u00e7ais.<\/p>\n<p><strong>  Missions du poste:<\/strong><br \/>\n&#8211; Pr\u00e9parer les offres techniques utilisant les bases de donn\u00e9es en ligne des fournisseurs pour la tarification et l&rsquo;assistance technique, le cas \u00e9ch\u00e9ant, pour compl\u00e9ter les offres.<br \/>\n&#8211; Veiller \u00e0 ce que toutes les requ\u00eates des clients soient trait\u00e9es rapidement et efficacement, y compris le suivi et la gestion des demandes de renseignements sur le site Web de l&rsquo;entreprise, en les transmettant aux services concern\u00e9s pour action.<br \/>\n&#8211; Obtention des taux de fret aupr\u00e8s des soci\u00e9t\u00e9s de transport externes, des services logistiques des fournisseurs et via notre propre \u00e9quipe logistique.<br \/>\n&#8211; Traitement et r\u00e9alisation des commandes<br \/>\n&#8211; Aider \u00e0 r\u00e9pondre aux appels d&rsquo;offres, compiler les d\u00e9tails des sp\u00e9cifications aux exigences, obtenir la documentation pertinente, assurer la liaison avec les fournisseurs et pr\u00e9parer les offres dans les d\u00e9lais.<br \/>\n&#8211; Aider le directeur des ventes \u00e0 remplir et \u00e0 soumettre des rapports de ventes aux fournisseurs et \u00e0 la direction<\/p>\n<p><strong> Etudes :<\/strong><br \/>\n\u2022 ABac ou plus.<br \/>\n\u2022 Solides comp\u00e9tences en fran\u00e7ais<\/p>\n<p><Strong> Comp\u00e9tences :<\/strong><br \/>\n\u2022 Les qualit\u00e9s personnelles sont plus importantes que l\u2019exp\u00e9rience pr\u00e9c\u00e9dente car une formation compl\u00e8te sera offerte, cependant, ce qui suit serait un plus : un int\u00e9r\u00eat pour les \u00e9quipements de levage, une connaissance g\u00e9ographique de l&rsquo;Afrique de l&rsquo;Ouest,<\/p>\n<p><strong>Exp\u00e9riences :<\/strong><br \/>\n\u2022 avoir de solides comp\u00e9tences en informatique avec une bonne connaissance pratique de MS Office, en particulier Excel.<br \/>\n\u2022 Excellentes comp\u00e9tences organisationnelles avec la capacit\u00e9 de prioriser une charge de travail compl\u00e8te.<br \/>\n\u2022 Solides comp\u00e9tences en communication en anglais et en fran\u00e7ais, tant \u00e0 l&rsquo;\u00e9crit qu&rsquo;\u00e0 l&rsquo;oral.<br \/>\n\u2022 Capable de communiquer rapidement et efficacement par courriel et par t\u00e9l\u00e9phone.<\/p>\n<p><strong>Comment postuler :<\/strong><br \/>\nPour postuler au poste de coordinateur des ventes francophone, veuillez envoyer votre CV et une lettre de motivation \u00e0 <a href=\"mailto:recruitment@patersonsimons.com\" rel=\"noopener\" target=\"_blank\">recruitment@patersonsimons.com <\/a> et indiquez \u00ab Coordinateur des ventes francophone \u00bb dans l&rsquo;objet de votre e-mail.<\/p>\n","protected":false},"excerpt":{"rendered":"<p>Coordinateur des ventes francophone Lieu : Brighton and Hove, Sussex \u00a321 &#8211; \u00a323,000.00 &#8211; DOE Temps plein \/ CDI Paterson Simons est sp\u00e9cialis\u00e9 dans la vente de machines de manutention portuaire et mini\u00e8re vers de nombreuses destinations en Afrique de l&rsquo;Ouest. Notre soci\u00e9t\u00e9 a une excellente r\u00e9putation dans la vente &#8230;<\/p>\n","protected":false},"author":7,"featured_media":0,"parent":0,"menu_order":0,"comment_status":"closed","ping_status":"closed","template":"","meta":{"_acf_changed":false,"footnotes":""},"class_list":["post-7462","page","type-page","status-publish","hentry","no-post-thumbnail"],"acf":[],"_links":{"self":[{"href":"https:\/\/www.patersonsimons.com\/fr\/wp-json\/wp\/v2\/pages\/7462","targetHints":{"allow":["GET"]}}],"collection":[{"href":"https:\/\/www.patersonsimons.com\/fr\/wp-json\/wp\/v2\/pages"}],"about":[{"href":"https:\/\/www.patersonsimons.com\/fr\/wp-json\/wp\/v2\/types\/page"}],"author":[{"embeddable":true,"href":"https:\/\/www.patersonsimons.com\/fr\/wp-json\/wp\/v2\/users\/7"}],"replies":[{"embeddable":true,"href":"https:\/\/www.patersonsimons.com\/fr\/wp-json\/wp\/v2\/comments?post=7462"}],"version-history":[{"count":2,"href":"https:\/\/www.patersonsimons.com\/fr\/wp-json\/wp\/v2\/pages\/7462\/revisions"}],"predecessor-version":[{"id":7464,"href":"https:\/\/www.patersonsimons.com\/fr\/wp-json\/wp\/v2\/pages\/7462\/revisions\/7464"}],"wp:attachment":[{"href":"https:\/\/www.patersonsimons.com\/fr\/wp-json\/wp\/v2\/media?parent=7462"}],"curies":[{"name":"wp","href":"https:\/\/api.w.org\/{rel}","templated":true}]}}