{"id":7455,"date":"2022-03-31T16:04:02","date_gmt":"2022-03-31T16:04:02","guid":{"rendered":"https:\/\/www.patersonsimons.com\/logistics-assistant-manager\/"},"modified":"2022-07-27T12:30:17","modified_gmt":"2022-07-27T12:30:17","slug":"logistics-assistant-manager","status":"publish","type":"page","link":"https:\/\/www.patersonsimons.com\/fr\/logistics-assistant-manager\/","title":{"rendered":"Assistant manager logistique international"},"content":{"rendered":"<p><strong>Assistant manager logistique international<\/strong><\/p>\n<p>Lieu: Brighton and Hove, Sussex<br \/>\n\u00a328,000.00 &#8211; \u00a330,000.00 &#8211; DOE<br \/>\nTemps plein \/ CDI<\/p>\n<p>Une opportunit\u00e9 se pr\u00e9sente au sein de notre \u00e9quipe logistique bas\u00e9e \u00e0 Brighton, au Royaume-Uni, pour la bonne personne afin d&rsquo;aider \u00e0 la gestion du d\u00e9partement logistique. En exp\u00e9diant des pi\u00e8ces d\u00e9tach\u00e9es pour machines de levage de charges lourdes vers de nombreuses destinations en Afrique de l&rsquo;Ouest, nous offrons la possibilit\u00e9 de travailler entre les continents europ\u00e9en et africain dans un environnement tr\u00e8s multiculturel. Notre soci\u00e9t\u00e9 a une excellente r\u00e9putation pour la vente de machines et de pi\u00e8ces, ainsi que le service en Afrique de l&rsquo;Ouest, et nous travaillons dur pour la maintenir.<\/p>\n<p><strong>Le poste comprend :<\/strong><br \/>\n\u2022 Organiser la charge de travail de l&rsquo;\u00e9quipe logistique compos\u00e9e de sept personnes.<br \/>\n\u2022 Reporter au Responsable Logistique et participer \u00e0 la gestion quotidienne du d\u00e9partement.<br \/>\n\u2022 Traitement et exp\u00e9dition des commandes par fret maritime et a\u00e9rien des \u00e9quipes de vente.<br \/>\n\u2022 Envoyer des rapports hebdomadaires aux principaux clients.<br \/>\n\u2022 Compl\u00e9ter la documentation selon les normes requises et s&rsquo;assurer que la proc\u00e9dure de contr\u00f4le des documents est suivie.<\/p>\n<p>Apr\u00e8s la p\u00e9riode de formation initiale, nous comptons sur vous et votre capacit\u00e9 \u00e0 r\u00e9soudre des probl\u00e8mes, \u00e0 fournir des solutions et \u00e0 \u00eatre en mesure d&rsquo;identifier quand une question doit \u00eatre transmise au responsable logistique.<\/p>\n<p><strong>Etudes :<\/strong><br \/>\n\u2022 Bac ou plus.<\/p>\n<p><strong>Comp\u00e9tences :<\/strong><br \/>\n\u2022 Connaissance de la cha\u00eene d&rsquo;approvisionnement, en particulier de la logistique, connaissance g\u00e9ographique de l&rsquo;Afrique de l&rsquo;Ouest, parler fran\u00e7ais serait un avantage.<br \/>\n\u2022 Avoir de solides comp\u00e9tences en informatique avec une bonne connaissance pratique d&rsquo;Excel.<br \/>\n\u2022 Une solide exp\u00e9rience de la logistique internationale.<br \/>\n\u2022 Excellentes comp\u00e9tences organisationnelles avec la capacit\u00e9 de prioriser une charge de travail compl\u00e8te.<br \/>\n\u2022 Solides comp\u00e9tences en communication, tant \u00e0 l&rsquo;\u00e9crit qu&rsquo;\u00e0 l&rsquo;oral.<br \/>\n\u2022 Capable de communiquer rapidement et efficacement par courriel et par t\u00e9l\u00e9phone.<\/p>\n<p><strong>Dispositions personnelles :<\/strong><br \/>\n\u2022 Le poste conviendra \u00e0 quelqu&rsquo;un de souple qui aime travailler dans un environnement tr\u00e8s dynamique et au rythme rapide.<br \/>\n\u2022 Capable de travailler de sa propre initiative, de g\u00e9rer sa propre charge de travail apr\u00e8s une p\u00e9riode de formation appropri\u00e9e, mais aussi d&rsquo;\u00eatre un bon joueur d&rsquo;\u00e9quipe.<br \/>\n\u2022 Communicant diplomate et efficace, capable de communiquer avec des personnes de diff\u00e9rentes cultures et de diff\u00e9rents pays et capable de communiquer clairement l\u00e0 o\u00f9 l&rsquo;anglais est une langue seconde.<br \/>\n\u2022 Comprendre l&rsquo;importance des d\u00e9lais et agir rapidement dans les situations d&rsquo;urgence.<\/p>\n<p><strong>Comment postuler :<\/strong><\/p>\n<p>Pour postuler au poste d&rsquo;assistant manager logistique international, veuillez envoyer votre CV et votre lettre de motivation \u00e0 <a href=\"mailto:recruitment@patersonsimons.com\" target=\"_blank\" rel=\"noopener\">recruitment@patersonsimons.com<\/a> et mettez &lsquo;<strong>Assistant manager logistique international<\/strong>&lsquo; dans l&rsquo;objet de votre e-mail.<\/p>\n","protected":false},"excerpt":{"rendered":"<p>Assistant manager logistique international Lieu: Brighton and Hove, Sussex \u00a328,000.00 &#8211; \u00a330,000.00 &#8211; DOE Temps plein \/ CDI Une opportunit\u00e9 se pr\u00e9sente au sein de notre \u00e9quipe logistique bas\u00e9e \u00e0 Brighton, au Royaume-Uni, pour la bonne personne afin d&rsquo;aider \u00e0 la gestion du d\u00e9partement logistique. En exp\u00e9diant des pi\u00e8ces d\u00e9tach\u00e9es &#8230;<\/p>\n","protected":false},"author":7,"featured_media":0,"parent":0,"menu_order":0,"comment_status":"closed","ping_status":"closed","template":"","meta":{"_acf_changed":false,"footnotes":""},"class_list":["post-7455","page","type-page","status-publish","hentry","no-post-thumbnail"],"acf":[],"_links":{"self":[{"href":"https:\/\/www.patersonsimons.com\/fr\/wp-json\/wp\/v2\/pages\/7455","targetHints":{"allow":["GET"]}}],"collection":[{"href":"https:\/\/www.patersonsimons.com\/fr\/wp-json\/wp\/v2\/pages"}],"about":[{"href":"https:\/\/www.patersonsimons.com\/fr\/wp-json\/wp\/v2\/types\/page"}],"author":[{"embeddable":true,"href":"https:\/\/www.patersonsimons.com\/fr\/wp-json\/wp\/v2\/users\/7"}],"replies":[{"embeddable":true,"href":"https:\/\/www.patersonsimons.com\/fr\/wp-json\/wp\/v2\/comments?post=7455"}],"version-history":[{"count":4,"href":"https:\/\/www.patersonsimons.com\/fr\/wp-json\/wp\/v2\/pages\/7455\/revisions"}],"predecessor-version":[{"id":8236,"href":"https:\/\/www.patersonsimons.com\/fr\/wp-json\/wp\/v2\/pages\/7455\/revisions\/8236"}],"wp:attachment":[{"href":"https:\/\/www.patersonsimons.com\/fr\/wp-json\/wp\/v2\/media?parent=7455"}],"curies":[{"name":"wp","href":"https:\/\/api.w.org\/{rel}","templated":true}]}}