{"id":6340,"date":"2021-09-22T09:54:19","date_gmt":"2021-09-22T09:54:19","guid":{"rendered":"https:\/\/www.patersonsimons.com\/?page_id=6340"},"modified":"2025-05-19T09:42:22","modified_gmt":"2025-05-19T09:42:22","slug":"our-accreditations","status":"publish","type":"page","link":"https:\/\/www.patersonsimons.com\/fr\/our-accreditations\/","title":{"rendered":"Nos Accreditations"},"content":{"rendered":"<div id=\"cs-content\" class=\"cs-content\"><\/div>\n","protected":false},"excerpt":{"rendered":"<p>Nos AccreditationsPaterson Simons d\u00e9tient les accr\u00e9ditations et certifications suivantes : Paterson Simons UK est certifi\u00e9 ISO 9001 (Syst\u00e8me de management de la qualit\u00e9). Le groupe Paterson Simons, y compris toutes ses filiales en Afrique de l\u2019Ouest et en Afrique centrale, est certifi\u00e9 ISO 45001 (Sant\u00e9 et s\u00e9curit\u00e9 au travail), et &#8230;<\/p>\n","protected":false},"author":8,"featured_media":0,"parent":0,"menu_order":0,"comment_status":"closed","ping_status":"closed","template":"","meta":{"_acf_changed":false,"footnotes":""},"class_list":["post-6340","page","type-page","status-publish","hentry","no-post-thumbnail"],"acf":[],"_links":{"self":[{"href":"https:\/\/www.patersonsimons.com\/fr\/wp-json\/wp\/v2\/pages\/6340","targetHints":{"allow":["GET"]}}],"collection":[{"href":"https:\/\/www.patersonsimons.com\/fr\/wp-json\/wp\/v2\/pages"}],"about":[{"href":"https:\/\/www.patersonsimons.com\/fr\/wp-json\/wp\/v2\/types\/page"}],"author":[{"embeddable":true,"href":"https:\/\/www.patersonsimons.com\/fr\/wp-json\/wp\/v2\/users\/8"}],"replies":[{"embeddable":true,"href":"https:\/\/www.patersonsimons.com\/fr\/wp-json\/wp\/v2\/comments?post=6340"}],"version-history":[{"count":29,"href":"https:\/\/www.patersonsimons.com\/fr\/wp-json\/wp\/v2\/pages\/6340\/revisions"}],"predecessor-version":[{"id":16522,"href":"https:\/\/www.patersonsimons.com\/fr\/wp-json\/wp\/v2\/pages\/6340\/revisions\/16522"}],"wp:attachment":[{"href":"https:\/\/www.patersonsimons.com\/fr\/wp-json\/wp\/v2\/media?parent=6340"}],"curies":[{"name":"wp","href":"https:\/\/api.w.org\/{rel}","templated":true}]}}