{"id":3574,"date":"2018-08-24T08:35:42","date_gmt":"2018-08-24T08:35:42","guid":{"rendered":"http:\/\/www.patersonsimons.com\/brochure-library-french\/"},"modified":"2026-01-20T15:38:33","modified_gmt":"2026-01-20T15:38:33","slug":"brochure-library-french","status":"publish","type":"page","link":"https:\/\/www.patersonsimons.com\/fr\/marques\/brochure-library-french\/","title":{"rendered":"Biblioth\u00e8que de brochures"},"content":{"rendered":"<div id=\"cs-content\" class=\"cs-content\"><\/div>\n","protected":false},"excerpt":{"rendered":"<p>&nbsp; Brochure Paterson Simons en anglais T\u00e9l\u00e9charger Brochure Paterson Simons en fran\u00e7ais T\u00e9l\u00e9charger Service Brochure en anglais T\u00e9l\u00e9charger Mines Brochure en anglais T\u00e9l\u00e9charger Brochure Paterson Simons Nigeria T\u00e9l\u00e9charger Reach stacker Slings &#038; Shackles French Brochure T\u00e9l\u00e9charger &nbsp;JCBKonecranesManitouManitowocPAT KrugerRAM SpreadersAlimak HekTerbergTrelleborgHoist &#038; Rigging&nbsp;&nbsp;<\/p>\n","protected":false},"author":1,"featured_media":0,"parent":4587,"menu_order":0,"comment_status":"closed","ping_status":"closed","template":"template-blank-4.php","meta":{"_acf_changed":false,"footnotes":""},"class_list":["post-3574","page","type-page","status-publish","hentry","no-post-thumbnail"],"acf":[],"_links":{"self":[{"href":"https:\/\/www.patersonsimons.com\/fr\/wp-json\/wp\/v2\/pages\/3574","targetHints":{"allow":["GET"]}}],"collection":[{"href":"https:\/\/www.patersonsimons.com\/fr\/wp-json\/wp\/v2\/pages"}],"about":[{"href":"https:\/\/www.patersonsimons.com\/fr\/wp-json\/wp\/v2\/types\/page"}],"author":[{"embeddable":true,"href":"https:\/\/www.patersonsimons.com\/fr\/wp-json\/wp\/v2\/users\/1"}],"replies":[{"embeddable":true,"href":"https:\/\/www.patersonsimons.com\/fr\/wp-json\/wp\/v2\/comments?post=3574"}],"version-history":[{"count":42,"href":"https:\/\/www.patersonsimons.com\/fr\/wp-json\/wp\/v2\/pages\/3574\/revisions"}],"predecessor-version":[{"id":17591,"href":"https:\/\/www.patersonsimons.com\/fr\/wp-json\/wp\/v2\/pages\/3574\/revisions\/17591"}],"up":[{"embeddable":true,"href":"https:\/\/www.patersonsimons.com\/fr\/wp-json\/wp\/v2\/pages\/4587"}],"wp:attachment":[{"href":"https:\/\/www.patersonsimons.com\/fr\/wp-json\/wp\/v2\/media?parent=3574"}],"curies":[{"name":"wp","href":"https:\/\/api.w.org\/{rel}","templated":true}]}}