{"id":3330,"date":"2018-07-31T09:02:32","date_gmt":"2018-07-31T09:02:32","guid":{"rendered":"http:\/\/patersonsimons.com\/?page_id=3330"},"modified":"2024-08-21T12:00:38","modified_gmt":"2024-08-21T12:00:38","slug":"konecranes","status":"publish","type":"page","link":"https:\/\/www.patersonsimons.com\/fr\/marques\/konecranes\/","title":{"rendered":"Konecranes"},"content":{"rendered":"<div id=\"cs-content\" class=\"cs-content\"><\/div>\n","protected":false},"excerpt":{"rendered":"<p>Konecranes est l\u2019un des plus importants fournisseurs mondiaux de solutions de levage de charges lourdes pour les ports et l\u2019industrie. Konecranes fait \u00e9voluer en permanence ses \u00e9quipements et d\u00e9veloppe des technologies de levage innovantes. Des grues \u00e0 portique sur roues hybrides et \u00e9lectriques et applications RFID pour chariots \u00e9l\u00e9vateurs aux &#8230;<\/p>\n","protected":false},"author":1,"featured_media":0,"parent":4587,"menu_order":0,"comment_status":"closed","ping_status":"closed","template":"template-blank-4.php","meta":{"_acf_changed":false,"footnotes":""},"class_list":["post-3330","page","type-page","status-publish","hentry","no-post-thumbnail"],"acf":[],"_links":{"self":[{"href":"https:\/\/www.patersonsimons.com\/fr\/wp-json\/wp\/v2\/pages\/3330","targetHints":{"allow":["GET"]}}],"collection":[{"href":"https:\/\/www.patersonsimons.com\/fr\/wp-json\/wp\/v2\/pages"}],"about":[{"href":"https:\/\/www.patersonsimons.com\/fr\/wp-json\/wp\/v2\/types\/page"}],"author":[{"embeddable":true,"href":"https:\/\/www.patersonsimons.com\/fr\/wp-json\/wp\/v2\/users\/1"}],"replies":[{"embeddable":true,"href":"https:\/\/www.patersonsimons.com\/fr\/wp-json\/wp\/v2\/comments?post=3330"}],"version-history":[{"count":23,"href":"https:\/\/www.patersonsimons.com\/fr\/wp-json\/wp\/v2\/pages\/3330\/revisions"}],"predecessor-version":[{"id":13212,"href":"https:\/\/www.patersonsimons.com\/fr\/wp-json\/wp\/v2\/pages\/3330\/revisions\/13212"}],"up":[{"embeddable":true,"href":"https:\/\/www.patersonsimons.com\/fr\/wp-json\/wp\/v2\/pages\/4587"}],"wp:attachment":[{"href":"https:\/\/www.patersonsimons.com\/fr\/wp-json\/wp\/v2\/media?parent=3330"}],"curies":[{"name":"wp","href":"https:\/\/api.w.org\/{rel}","templated":true}]}}