{"id":3316,"date":"2018-07-31T08:49:14","date_gmt":"2018-07-31T08:49:14","guid":{"rendered":"http:\/\/patersonsimons.com\/?page_id=3316"},"modified":"2026-03-17T14:30:27","modified_gmt":"2026-03-17T14:30:27","slug":"produits","status":"publish","type":"page","link":"https:\/\/www.patersonsimons.com\/fr\/produits\/","title":{"rendered":"Produits"},"content":{"rendered":"<div id=\"cs-content\" class=\"cs-content\"><\/div>\n","protected":false},"excerpt":{"rendered":"<p>&nbsp;Nos produits Des machines haut de gamme avec un service apr\u00e8s-vente complet, l\u00e0 o\u00f9 vous en avez besoin&nbsp; &nbsp;&nbsp;JCBKonecranesManitouManitowocPAT KrugerRAM SpreadersAlimak HekTerbergTrelleborgHoist &#038; Rigging&nbsp;&nbsp;<\/p>\n","protected":false},"author":1,"featured_media":0,"parent":0,"menu_order":0,"comment_status":"closed","ping_status":"closed","template":"template-blank-4.php","meta":{"_acf_changed":false,"footnotes":""},"class_list":["post-3316","page","type-page","status-publish","hentry","no-post-thumbnail"],"acf":[],"_links":{"self":[{"href":"https:\/\/www.patersonsimons.com\/fr\/wp-json\/wp\/v2\/pages\/3316","targetHints":{"allow":["GET"]}}],"collection":[{"href":"https:\/\/www.patersonsimons.com\/fr\/wp-json\/wp\/v2\/pages"}],"about":[{"href":"https:\/\/www.patersonsimons.com\/fr\/wp-json\/wp\/v2\/types\/page"}],"author":[{"embeddable":true,"href":"https:\/\/www.patersonsimons.com\/fr\/wp-json\/wp\/v2\/users\/1"}],"replies":[{"embeddable":true,"href":"https:\/\/www.patersonsimons.com\/fr\/wp-json\/wp\/v2\/comments?post=3316"}],"version-history":[{"count":0,"href":"https:\/\/www.patersonsimons.com\/fr\/wp-json\/wp\/v2\/pages\/3316\/revisions"}],"wp:attachment":[{"href":"https:\/\/www.patersonsimons.com\/fr\/wp-json\/wp\/v2\/media?parent=3316"}],"curies":[{"name":"wp","href":"https:\/\/api.w.org\/{rel}","templated":true}]}}