{"id":3310,"date":"2018-07-31T08:44:20","date_gmt":"2018-07-31T08:44:20","guid":{"rendered":"http:\/\/patersonsimons.com\/?page_id=3310"},"modified":"2024-08-21T12:09:54","modified_gmt":"2024-08-21T12:09:54","slug":"ports-logistique","status":"publish","type":"page","link":"https:\/\/www.patersonsimons.com\/fr\/industries\/ports-logistique\/","title":{"rendered":"Ports &#038; Logistique"},"content":{"rendered":"<div id=\"cs-content\" class=\"cs-content\"><\/div>\n","protected":false},"excerpt":{"rendered":"<p>OBTENIR UN \u00c9QUIPEMENT DE LEVAGE POUR LE SECTEUR DU PORTS ET LOGISTIQUEActualit\u00e9s Ports et LogistiquePaterson Simons travaille avec les plus grands ports d&rsquo;Afrique Centrale et Occidentale, assurant la livraison et la mise en service d&rsquo;\u00e9quipements de levage, puis en installant des \u00e9quipes d\u00e9di\u00e9es pour la maintenance de la flotte. D&rsquo;Apapa &#8230;<\/p>\n","protected":false},"author":1,"featured_media":2691,"parent":3296,"menu_order":0,"comment_status":"closed","ping_status":"closed","template":"template-blank-4.php","meta":{"_acf_changed":false,"footnotes":""},"class_list":["post-3310","page","type-page","status-publish","has-post-thumbnail","hentry"],"acf":[],"_links":{"self":[{"href":"https:\/\/www.patersonsimons.com\/fr\/wp-json\/wp\/v2\/pages\/3310","targetHints":{"allow":["GET"]}}],"collection":[{"href":"https:\/\/www.patersonsimons.com\/fr\/wp-json\/wp\/v2\/pages"}],"about":[{"href":"https:\/\/www.patersonsimons.com\/fr\/wp-json\/wp\/v2\/types\/page"}],"author":[{"embeddable":true,"href":"https:\/\/www.patersonsimons.com\/fr\/wp-json\/wp\/v2\/users\/1"}],"replies":[{"embeddable":true,"href":"https:\/\/www.patersonsimons.com\/fr\/wp-json\/wp\/v2\/comments?post=3310"}],"version-history":[{"count":32,"href":"https:\/\/www.patersonsimons.com\/fr\/wp-json\/wp\/v2\/pages\/3310\/revisions"}],"predecessor-version":[{"id":14803,"href":"https:\/\/www.patersonsimons.com\/fr\/wp-json\/wp\/v2\/pages\/3310\/revisions\/14803"}],"up":[{"embeddable":true,"href":"https:\/\/www.patersonsimons.com\/fr\/wp-json\/wp\/v2\/pages\/3296"}],"wp:featuredmedia":[{"embeddable":true,"href":"https:\/\/www.patersonsimons.com\/fr\/wp-json\/wp\/v2\/media\/2691"}],"wp:attachment":[{"href":"https:\/\/www.patersonsimons.com\/fr\/wp-json\/wp\/v2\/media?parent=3310"}],"curies":[{"name":"wp","href":"https:\/\/api.w.org\/{rel}","templated":true}]}}