{"id":3306,"date":"2018-07-31T08:40:47","date_gmt":"2018-07-31T08:40:47","guid":{"rendered":"http:\/\/patersonsimons.com\/?page_id=3306"},"modified":"2024-08-21T12:08:41","modified_gmt":"2024-08-21T12:08:41","slug":"petrole-gaz","status":"publish","type":"page","link":"https:\/\/www.patersonsimons.com\/fr\/industries\/petrole-gaz\/","title":{"rendered":"P\u00e9trole &#038; Gaz"},"content":{"rendered":"<div id=\"cs-content\" class=\"cs-content\"><\/div>\n","protected":false},"excerpt":{"rendered":"<p>OBTENIR UN \u00c9QUIPEMENT DE LEVAGE POUR LE SECTEUR DU PETROLE ET DU GAZNotre bureau de vente, SAV et entretien de grues \u00e0 Takoradi est bien plac\u00e9 pour r\u00e9pondre aux besoins changeants de l\u2019industrie p\u00e9troli\u00e8re et gazi\u00e8re particuli\u00e8rement dynamique au Ghana, en C\u00f4te d\u2019Ivoire, au Nig\u00e9ria, au B\u00e9nin, au Cameroun et &#8230;<\/p>\n","protected":false},"author":1,"featured_media":2702,"parent":3296,"menu_order":0,"comment_status":"closed","ping_status":"closed","template":"template-blank-4.php","meta":{"_acf_changed":false,"footnotes":""},"class_list":["post-3306","page","type-page","status-publish","has-post-thumbnail","hentry"],"acf":[],"_links":{"self":[{"href":"https:\/\/www.patersonsimons.com\/fr\/wp-json\/wp\/v2\/pages\/3306","targetHints":{"allow":["GET"]}}],"collection":[{"href":"https:\/\/www.patersonsimons.com\/fr\/wp-json\/wp\/v2\/pages"}],"about":[{"href":"https:\/\/www.patersonsimons.com\/fr\/wp-json\/wp\/v2\/types\/page"}],"author":[{"embeddable":true,"href":"https:\/\/www.patersonsimons.com\/fr\/wp-json\/wp\/v2\/users\/1"}],"replies":[{"embeddable":true,"href":"https:\/\/www.patersonsimons.com\/fr\/wp-json\/wp\/v2\/comments?post=3306"}],"version-history":[{"count":29,"href":"https:\/\/www.patersonsimons.com\/fr\/wp-json\/wp\/v2\/pages\/3306\/revisions"}],"predecessor-version":[{"id":14802,"href":"https:\/\/www.patersonsimons.com\/fr\/wp-json\/wp\/v2\/pages\/3306\/revisions\/14802"}],"up":[{"embeddable":true,"href":"https:\/\/www.patersonsimons.com\/fr\/wp-json\/wp\/v2\/pages\/3296"}],"wp:featuredmedia":[{"embeddable":true,"href":"https:\/\/www.patersonsimons.com\/fr\/wp-json\/wp\/v2\/media\/2702"}],"wp:attachment":[{"href":"https:\/\/www.patersonsimons.com\/fr\/wp-json\/wp\/v2\/media?parent=3306"}],"curies":[{"name":"wp","href":"https:\/\/api.w.org\/{rel}","templated":true}]}}