{"id":3302,"date":"2018-07-31T08:37:18","date_gmt":"2018-07-31T08:37:18","guid":{"rendered":"http:\/\/patersonsimons.com\/?page_id=3302"},"modified":"2024-08-21T12:08:15","modified_gmt":"2024-08-21T12:08:15","slug":"mines","status":"publish","type":"page","link":"https:\/\/www.patersonsimons.com\/fr\/industries\/mines\/","title":{"rendered":"Mines"},"content":{"rendered":"<div id=\"cs-content\" class=\"cs-content\"><\/div>\n","protected":false},"excerpt":{"rendered":"<p>ACHETER DES GRUES, DES CHARIOTS ET AUTRES EQUIPEMENTS DE LEVAGE DE CHARGES LOURDES POUR LES MINES D\u2019AFRIQUE DE L\u2019OUESTNous travaillons en partenariat avec des exploitations mini\u00e8res parmi les plus importantes d\u2019Afrique de l\u2019Ouest, fournissant des grues, des chariots \u00e9l\u00e9vateurs et du mat\u00e9riel de levage ainsi que des services sur toute &#8230;<\/p>\n","protected":false},"author":1,"featured_media":2725,"parent":3296,"menu_order":0,"comment_status":"closed","ping_status":"closed","template":"template-blank-4.php","meta":{"_acf_changed":false,"footnotes":""},"class_list":["post-3302","page","type-page","status-publish","has-post-thumbnail","hentry"],"acf":[],"_links":{"self":[{"href":"https:\/\/www.patersonsimons.com\/fr\/wp-json\/wp\/v2\/pages\/3302","targetHints":{"allow":["GET"]}}],"collection":[{"href":"https:\/\/www.patersonsimons.com\/fr\/wp-json\/wp\/v2\/pages"}],"about":[{"href":"https:\/\/www.patersonsimons.com\/fr\/wp-json\/wp\/v2\/types\/page"}],"author":[{"embeddable":true,"href":"https:\/\/www.patersonsimons.com\/fr\/wp-json\/wp\/v2\/users\/1"}],"replies":[{"embeddable":true,"href":"https:\/\/www.patersonsimons.com\/fr\/wp-json\/wp\/v2\/comments?post=3302"}],"version-history":[{"count":35,"href":"https:\/\/www.patersonsimons.com\/fr\/wp-json\/wp\/v2\/pages\/3302\/revisions"}],"predecessor-version":[{"id":14801,"href":"https:\/\/www.patersonsimons.com\/fr\/wp-json\/wp\/v2\/pages\/3302\/revisions\/14801"}],"up":[{"embeddable":true,"href":"https:\/\/www.patersonsimons.com\/fr\/wp-json\/wp\/v2\/pages\/3296"}],"wp:featuredmedia":[{"embeddable":true,"href":"https:\/\/www.patersonsimons.com\/fr\/wp-json\/wp\/v2\/media\/2725"}],"wp:attachment":[{"href":"https:\/\/www.patersonsimons.com\/fr\/wp-json\/wp\/v2\/media?parent=3302"}],"curies":[{"name":"wp","href":"https:\/\/api.w.org\/{rel}","templated":true}]}}