{"id":3299,"date":"2018-07-31T08:29:14","date_gmt":"2018-07-31T08:29:14","guid":{"rendered":"http:\/\/patersonsimons.com\/?page_id=3299"},"modified":"2024-08-21T12:11:28","modified_gmt":"2024-08-21T12:11:28","slug":"pieces-detachees","status":"publish","type":"page","link":"https:\/\/www.patersonsimons.com\/fr\/pieces-detachees\/","title":{"rendered":"Pi\u00e8ces d\u00e9tach\u00e9es"},"content":{"rendered":"<div id=\"cs-content\" class=\"cs-content\"><\/div>\n","protected":false},"excerpt":{"rendered":"<p>&nbsp;Paterson Simons dispose d&rsquo;un d\u00e9partement d\u00e9di\u00e9 aux pi\u00e8ces d\u00e9tach\u00e9esPaterson Simons dispose d&rsquo;un d&eacute;partement d&eacute;di&eacute; aux pi&egrave;ces d&eacute;tach&eacute;es, compos&eacute; d&rsquo;une &eacute;quipe de trois membres permanents au si&egrave;ge de Brighton, plus deux magasins de pi&egrave;ces d&eacute;tach&eacute;es au Ghana, &agrave; Takoradi et &agrave; Accra.Avec ses nombreuses ann&eacute;es d&rsquo;exp&eacute;rience dans le transport et la &#8230;<\/p>\n","protected":false},"author":1,"featured_media":0,"parent":0,"menu_order":0,"comment_status":"closed","ping_status":"closed","template":"template-blank-4.php","meta":{"_acf_changed":false,"footnotes":""},"class_list":["post-3299","page","type-page","status-publish","hentry","no-post-thumbnail"],"acf":[],"_links":{"self":[{"href":"https:\/\/www.patersonsimons.com\/fr\/wp-json\/wp\/v2\/pages\/3299","targetHints":{"allow":["GET"]}}],"collection":[{"href":"https:\/\/www.patersonsimons.com\/fr\/wp-json\/wp\/v2\/pages"}],"about":[{"href":"https:\/\/www.patersonsimons.com\/fr\/wp-json\/wp\/v2\/types\/page"}],"author":[{"embeddable":true,"href":"https:\/\/www.patersonsimons.com\/fr\/wp-json\/wp\/v2\/users\/1"}],"replies":[{"embeddable":true,"href":"https:\/\/www.patersonsimons.com\/fr\/wp-json\/wp\/v2\/comments?post=3299"}],"version-history":[{"count":5,"href":"https:\/\/www.patersonsimons.com\/fr\/wp-json\/wp\/v2\/pages\/3299\/revisions"}],"predecessor-version":[{"id":14509,"href":"https:\/\/www.patersonsimons.com\/fr\/wp-json\/wp\/v2\/pages\/3299\/revisions\/14509"}],"wp:attachment":[{"href":"https:\/\/www.patersonsimons.com\/fr\/wp-json\/wp\/v2\/media?parent=3299"}],"curies":[{"name":"wp","href":"https:\/\/api.w.org\/{rel}","templated":true}]}}