{"id":3296,"date":"2018-07-31T08:25:58","date_gmt":"2018-07-31T08:25:58","guid":{"rendered":"http:\/\/patersonsimons.com\/?page_id=3296"},"modified":"2024-08-21T12:07:27","modified_gmt":"2024-08-21T12:07:27","slug":"industries","status":"publish","type":"page","link":"https:\/\/www.patersonsimons.com\/fr\/industries\/","title":{"rendered":"Industries"},"content":{"rendered":"<div id=\"cs-content\" class=\"cs-content\"><\/div>\n","protected":false},"excerpt":{"rendered":"<p>P\u00e9trole &#038; GazL&rsquo;exploration p\u00e9troli\u00e8re et gazi\u00e8re dans le golfe de Guin\u00e9e est un enjeu majeur et nos clients ont besoin d&rsquo;un service de levage lourd \u00e0 la fois rapide et souple pour leur permettre d\u2019atteindre leurs objectifs. Avec un bureau \u00e0 Takoradi enti\u00e8rement \u00e9quip\u00e9 proposant vente, pi\u00e8ces et services, Paterson &#8230;<\/p>\n","protected":false},"author":1,"featured_media":0,"parent":0,"menu_order":0,"comment_status":"closed","ping_status":"closed","template":"template-blank-4.php","meta":{"_acf_changed":false,"footnotes":""},"class_list":["post-3296","page","type-page","status-publish","hentry","no-post-thumbnail"],"acf":[],"_links":{"self":[{"href":"https:\/\/www.patersonsimons.com\/fr\/wp-json\/wp\/v2\/pages\/3296","targetHints":{"allow":["GET"]}}],"collection":[{"href":"https:\/\/www.patersonsimons.com\/fr\/wp-json\/wp\/v2\/pages"}],"about":[{"href":"https:\/\/www.patersonsimons.com\/fr\/wp-json\/wp\/v2\/types\/page"}],"author":[{"embeddable":true,"href":"https:\/\/www.patersonsimons.com\/fr\/wp-json\/wp\/v2\/users\/1"}],"replies":[{"embeddable":true,"href":"https:\/\/www.patersonsimons.com\/fr\/wp-json\/wp\/v2\/comments?post=3296"}],"version-history":[{"count":7,"href":"https:\/\/www.patersonsimons.com\/fr\/wp-json\/wp\/v2\/pages\/3296\/revisions"}],"predecessor-version":[{"id":14799,"href":"https:\/\/www.patersonsimons.com\/fr\/wp-json\/wp\/v2\/pages\/3296\/revisions\/14799"}],"wp:attachment":[{"href":"https:\/\/www.patersonsimons.com\/fr\/wp-json\/wp\/v2\/media?parent=3296"}],"curies":[{"name":"wp","href":"https:\/\/api.w.org\/{rel}","templated":true}]}}