{"id":3288,"date":"2018-07-31T08:15:43","date_gmt":"2018-07-31T08:15:43","guid":{"rendered":"http:\/\/patersonsimons.com\/?page_id=3288"},"modified":"2026-03-16T06:51:49","modified_gmt":"2026-03-16T06:51:49","slug":"nous-contacter","status":"publish","type":"page","link":"https:\/\/www.patersonsimons.com\/fr\/nous-contacter\/","title":{"rendered":"Nous contacter"},"content":{"rendered":"<div id=\"cs-content\" class=\"cs-content\"><\/div>\n","protected":false},"excerpt":{"rendered":"<p>&nbsp;Nous contacter Nos \u00e9quipes sp\u00e9cialis\u00e9es pi\u00e8ces d\u00e9tach\u00e9es et logistique poss\u00e8dent le savoir-faire n\u00e9cessaire pour vous faire parvenir mat\u00e9riel et pi\u00e8ces d&rsquo;origines n&rsquo;importe o\u00f9 en Afrique de l&rsquo;Ouest.&nbsp; Contactez-nous d\u00e8s maintenantSi\u00e8ge socialPaterson Simons &amp; Co (Africa) Ltd. 4 The Offices, 10 Fleet Street Brighton BN1 4ZE East Sussex, United Kingdom Tel: &#8230;<\/p>\n","protected":false},"author":1,"featured_media":0,"parent":0,"menu_order":0,"comment_status":"closed","ping_status":"closed","template":"template-blank-4.php","meta":{"_acf_changed":false,"footnotes":""},"class_list":["post-3288","page","type-page","status-publish","hentry","no-post-thumbnail"],"acf":[],"_links":{"self":[{"href":"https:\/\/www.patersonsimons.com\/fr\/wp-json\/wp\/v2\/pages\/3288","targetHints":{"allow":["GET"]}}],"collection":[{"href":"https:\/\/www.patersonsimons.com\/fr\/wp-json\/wp\/v2\/pages"}],"about":[{"href":"https:\/\/www.patersonsimons.com\/fr\/wp-json\/wp\/v2\/types\/page"}],"author":[{"embeddable":true,"href":"https:\/\/www.patersonsimons.com\/fr\/wp-json\/wp\/v2\/users\/1"}],"replies":[{"embeddable":true,"href":"https:\/\/www.patersonsimons.com\/fr\/wp-json\/wp\/v2\/comments?post=3288"}],"version-history":[{"count":48,"href":"https:\/\/www.patersonsimons.com\/fr\/wp-json\/wp\/v2\/pages\/3288\/revisions"}],"predecessor-version":[{"id":17966,"href":"https:\/\/www.patersonsimons.com\/fr\/wp-json\/wp\/v2\/pages\/3288\/revisions\/17966"}],"wp:attachment":[{"href":"https:\/\/www.patersonsimons.com\/fr\/wp-json\/wp\/v2\/media?parent=3288"}],"curies":[{"name":"wp","href":"https:\/\/api.w.org\/{rel}","templated":true}]}}