{"id":3232,"date":"2018-07-30T17:57:13","date_gmt":"2018-07-30T17:57:13","guid":{"rendered":"http:\/\/patersonsimons.com\/?page_id=3232"},"modified":"2026-03-18T06:03:44","modified_gmt":"2026-03-18T06:03:44","slug":"accueil","status":"publish","type":"page","link":"https:\/\/www.patersonsimons.com\/fr\/","title":{"rendered":"Accueil"},"content":{"rendered":"<div id=\"cs-content\" class=\"cs-content\"><\/div>\n","protected":false},"excerpt":{"rendered":"<p>&nbsp;SOLUTIONS DE LEVAGE LOURD Le leader du march\u00e9 des \u00e9quipements de levage pour l\u2019Afrique Centrale et Occidentale. &nbsp;&nbsp;SOLUTIONS DE LEVAGE LOURD Le leader du march\u00e9 des \u00e9quipements de levage pour l\u2019Afrique de l\u2019Ouest. &nbsp;Avec plus de 75 ann\u00e9es d\u2019exp\u00e9rience, notre soci\u00e9t\u00e9 est sp\u00e9cialis\u00e9e dans la vente et le service des &#8230;<\/p>\n","protected":false},"author":1,"featured_media":0,"parent":0,"menu_order":0,"comment_status":"closed","ping_status":"closed","template":"template-blank-4.php","meta":{"_acf_changed":false,"footnotes":""},"class_list":["post-3232","page","type-page","status-publish","hentry","no-post-thumbnail"],"acf":[],"_links":{"self":[{"href":"https:\/\/www.patersonsimons.com\/fr\/wp-json\/wp\/v2\/pages\/3232","targetHints":{"allow":["GET"]}}],"collection":[{"href":"https:\/\/www.patersonsimons.com\/fr\/wp-json\/wp\/v2\/pages"}],"about":[{"href":"https:\/\/www.patersonsimons.com\/fr\/wp-json\/wp\/v2\/types\/page"}],"author":[{"embeddable":true,"href":"https:\/\/www.patersonsimons.com\/fr\/wp-json\/wp\/v2\/users\/1"}],"replies":[{"embeddable":true,"href":"https:\/\/www.patersonsimons.com\/fr\/wp-json\/wp\/v2\/comments?post=3232"}],"version-history":[{"count":69,"href":"https:\/\/www.patersonsimons.com\/fr\/wp-json\/wp\/v2\/pages\/3232\/revisions"}],"predecessor-version":[{"id":18025,"href":"https:\/\/www.patersonsimons.com\/fr\/wp-json\/wp\/v2\/pages\/3232\/revisions\/18025"}],"wp:attachment":[{"href":"https:\/\/www.patersonsimons.com\/fr\/wp-json\/wp\/v2\/media?parent=3232"}],"curies":[{"name":"wp","href":"https:\/\/api.w.org\/{rel}","templated":true}]}}