{"id":18089,"date":"2026-04-13T11:06:32","date_gmt":"2026-04-13T11:06:32","guid":{"rendered":"https:\/\/www.patersonsimons.com\/subsidiary-accounts-assistant\/"},"modified":"2026-04-13T14:59:31","modified_gmt":"2026-04-13T14:59:31","slug":"subsidiary-accounts-assistant","status":"publish","type":"page","link":"https:\/\/www.patersonsimons.com\/fr\/subsidiary-accounts-assistant\/","title":{"rendered":"Assistant(e) comptable"},"content":{"rendered":"<h3><strong>Assistant(e) comptable<\/strong><\/h3>\n<p><strong>Lieu de travail : <\/strong>Brighton &amp; Hove, East Sussex (en bureau \u2013 t\u00e9l\u00e9travail possible apr\u00e8s la p\u00e9riode d&rsquo;essai)<\/p>\n<p><strong>Horaires : <\/strong>Temps plein, du lundi au vendredi, de 9 h \u00e0 17 h 30 (horaires flexibles)<\/p>\n<p><strong>R\u00e9muneration : <\/strong>Selon exp\u00e9rience (\u00a327,000 \u2013 \u00a329,000)<\/p>\n<p>&nbsp;<\/p>\n<p><strong>Pr\u00e9sentation de l&rsquo;entreprise<\/strong><\/p>\n<p><strong>Paterson Simons &amp; Co (Africa)<\/strong> Ltd\u00a0est une entreprise internationale sp\u00e9cialis\u00e9e dans le commerce et la logistique, pr\u00e9sente dans toute l&rsquo;Afrique par l&rsquo;interm\u00e9diaire de ses filiales, notamment Pasico Ghana Ltd, Paterson Simons Nigeria Ltd et Paterson Simons Cameroon Ltd.<\/p>\n<p>Notre service financier fournit un soutien structur\u00e9 et de haute qualit\u00e9 en mati\u00e8re de comptabilit\u00e9 et de reporting \u00e0 l&rsquo;ensemble du groupe, garantissant ainsi des contr\u00f4les financiers rigoureux, la conformit\u00e9 r\u00e9glementaire et l&rsquo;am\u00e9lioration continue des processus.<\/p>\n<p>Nous nous engageons \u00e0 d\u00e9velopper les comp\u00e9tences de nos collaborateurs et \u00e0 soutenir leur \u00e9volution de carri\u00e8re \u00e0 long terme par le biais de formations, d&rsquo;une immersion dans la comptabilit\u00e9 complexe du groupe et de l&rsquo;obtention de qualifications professionnelles.<\/p>\n<p>&nbsp;<\/p>\n<p><strong>Description du poste<\/strong><\/p>\n<p>Nous recherchons un(e) <strong>assistant(e) comptable<\/strong> charg\u00e9(e) des filiales, proactif(ve) et soucieux(se) du d\u00e9tail, pour rejoindre notre \u00e9quipe financi\u00e8re du groupe.<\/p>\n<p>Sous la responsabilit\u00e9 des responsables financiers, vous apporterez votre soutien aux op\u00e9rations comptables de plusieurs filiales et acquerrez de l&rsquo;exp\u00e9rience dans les domaines suivants : comptabilit\u00e9 clients, op\u00e9rations bancaires, comptabilit\u00e9 inter-soci\u00e9t\u00e9s, ApprovalMax, processus de tr\u00e9sorerie et reporting de fin d&rsquo;exercice.<\/p>\n<p>Il s&rsquo;agit d&rsquo;un poste \u00e0 temps plein bas\u00e9 au si\u00e8ge, pouvant occasionnellement n\u00e9cessiter des d\u00e9placements \u00e0 l&rsquo;\u00e9tranger.<\/p>\n<p>&nbsp;<\/p>\n<p><strong>Profil \/ Qualit\u00e9s requises pour ce poste<\/strong><\/p>\n<p>Ce poste convient parfaitement \u00e0 une personne qui d\u00e9bute sa carri\u00e8re dans la finance et qui souhaite acqu\u00e9rir une solide exp\u00e9rience en comptabilit\u00e9 internationale au sein d&rsquo;un service financier structur\u00e9.<\/p>\n<p>Nous recherchons une personne qui :<\/p>\n<ul>\n<li>Poss\u00e8de une exp\u00e9rience pr\u00e9alable dans un poste li\u00e9 \u00e0 la comptabilit\u00e9, \u00e0 la finance ou \u00e0 l&rsquo;administration (un atout)<\/li>\n<li>Suive ou soit dispos\u00e9 \u00e0 suivre une formation menant \u00e0 l&rsquo;<strong>AAT ou \u00e0 une qualification comptable similaire<\/strong><\/li>\n<li>Mette un point d&rsquo;honneur \u00e0 produire un travail pr\u00e9cis et bien organis\u00e9, en accordant une grande attention aux d\u00e9tails<\/li>\n<li>Ma\u00eetrise Excel et les syst\u00e8mes comptables (une exp\u00e9rience avec Sage serait un atout)<\/li>\n<li>Soit capable de g\u00e9rer plusieurs priorit\u00e9s et de respecter les d\u00e9lais, tout en \u00e9tant autonome dans son travail<\/li>\n<li>Soit proactif, organis\u00e9 et d\u00e9sireux d&rsquo;apprendre de nouveaux syst\u00e8mes et proc\u00e9dures<\/li>\n<li>Communique de mani\u00e8re claire et professionnelle avec les \u00e9quipes internes et les partenaires externes<\/li>\n<li>Soit capable d&rsquo;\u00e9tablir de solides relations de travail au sein d&rsquo;\u00e9quipes internationales<\/li>\n<\/ul>\n<p>&nbsp;<\/p>\n<p><strong>En tant qu&rsquo;assistant(e) comptable, vous serez amen\u00e9(e) \u00e0 :<\/strong><\/p>\n<ul>\n<li>Assurer le soutien des op\u00e9rations financi\u00e8res quotidiennes au sein des filiales du groupe<\/li>\n<li>Travailler en \u00e9troite collaboration avec les \u00e9quipes financi\u00e8res internes bas\u00e9es au Royaume-Uni, la direction et les coll\u00e8gues \u00e0 l&rsquo;\u00e9tranger ou d&rsquo;autres services<\/li>\n<li>Tenir \u00e0 jour des registres financiers pr\u00e9cis et conserver les pi\u00e8ces justificatives<\/li>\n<li>Participer aux processus de rapprochement, de reporting et de contr\u00f4le, ainsi qu&rsquo;\u00e0 l&rsquo;\u00e9laboration et \u00e0 l&rsquo;am\u00e9lioration des proc\u00e9dures et contr\u00f4les comptables<\/li>\n<li>D\u00e9velopper des comp\u00e9tences techniques en comptabilit\u00e9 sur plusieurs syst\u00e8mes et entit\u00e9s<\/li>\n<\/ul>\n<p>&nbsp;<\/p>\n<p><strong>Vos t\u00e2ches et responsabilit\u00e9s comprendront :<\/strong><\/p>\n<p><strong>Clients et comptes clients<\/strong><\/p>\n<ul>\n<li>Cr\u00e9er les comptes clients et fournisseurs dans Sage<\/li>\n<li>Pr\u00e9parer et saisir quotidiennement les factures et les relev\u00e9s de recettes<\/li>\n<li>Participer \u00e0 la tenue du grand livre des ventes et au contr\u00f4le du cr\u00e9dit<\/li>\n<li>Relancer les soldes impay\u00e9s et r\u00e9soudre les questions relatives aux comptes<\/li>\n<li>Pr\u00e9parer et diffuser les rapports hebdomadaires sur les d\u00e9biteurs commerciaux<\/li>\n<li>Apporter votre soutien lors des r\u00e9unions d&rsquo;examen des d\u00e9biteurs commerciaux et assurer le suivi des actions<\/li>\n<li>Collecter et diffuser les relev\u00e9s des d\u00e9biteurs<\/li>\n<li>Traiter les \u00e9critures de contrepartie dans le grand livre conform\u00e9ment aux instructions<\/li>\n<\/ul>\n<p>&nbsp;<\/p>\n<p><strong>Banque et tr\u00e9sorerie<\/strong><\/p>\n<ul>\n<li>Pr\u00e9parer et saisir les relev\u00e9s quotidiens des d\u00e9p\u00f4ts bancaires dans Sage<\/li>\n<li>Traiter les relev\u00e9s de caisse pour plusieurs sites et en plusieurs devises<\/li>\n<li>R\u00e9cup\u00e9rer, classer et v\u00e9rifier les relev\u00e9s bancaires<\/li>\n<li>Effectuer les rapprochements hebdomadaires entre les comptes bancaires et la tr\u00e9sorerie<\/li>\n<\/ul>\n<p>&nbsp;<\/p>\n<p><strong>TREK<\/strong><\/p>\n<ul>\n<li>Pr\u00e9parer, v\u00e9rifier et saisir les formulaires de d\u00e9claration TREK<\/li>\n<li>Produire et diffuser les rapports TREK bihebdomadaires<\/li>\n<li>Apporter son aide lors des r\u00e9unions mensuelles TREK et assurer le suivi des actions<\/li>\n<\/ul>\n<p>&nbsp;<\/p>\n<p><strong>Op\u00e9rations intra-groupe<\/strong><\/p>\n<ul>\n<li>Traiter les factures, les notes de d\u00e9bit et les bons de commande intra-groupe<\/li>\n<li>Pr\u00e9parer et rapprocher les soldes mensuels intra-groupe<\/li>\n<li>\u00c9tablir les \u00e9critures de compensation et d&rsquo;ajustement intra-groupe<\/li>\n<li>Assurer la liaison avec les \u00e9quipes financi\u00e8res du groupe pour r\u00e9soudre les \u00e9carts<\/li>\n<\/ul>\n<p>&nbsp;<\/p>\n<p><strong>ApprovalMax et Comptabilit\u00e9 fournisseurs<\/strong><\/p>\n<ul>\n<li>Participer au d\u00e9ploiement d&rsquo;ApprovalMax, \u00e0 la mise en place des workflows et \u00e0 l&rsquo;\u00e9tablissement des rapports<\/li>\n<li>Tenir \u00e0 jour les listes de demandes de paiement et les syst\u00e8mes de r\u00e9f\u00e9rencement<\/li>\n<li>V\u00e9rifier l&rsquo;exactitude et la conformit\u00e9 des validations de d\u00e9penses<\/li>\n<li>Pr\u00e9parer les documents de paiement et transmettre les justificatifs de paiement<\/li>\n<li>Traiter les factures fournisseurs, les paiements et les op\u00e9rations du grand livre des achats<\/li>\n<li>Pr\u00e9parer les rapports sur les cr\u00e9anciers et g\u00e9rer les demandes des fournisseurs<\/li>\n<\/ul>\n<p>&nbsp;<\/p>\n<p><strong>Cl\u00f4ture d&rsquo;exercice et audit<\/strong><\/p>\n<ul>\n<li>Participer aux rapprochements de fin d&rsquo;exercice et \u00e0 la pr\u00e9paration des calendriers d&rsquo;audit<\/li>\n<li>Pr\u00e9parer les pi\u00e8ces comptables<\/li>\n<li>Apporter un soutien pour r\u00e9pondre aux demandes des auditeurs<\/li>\n<\/ul>\n<p>&nbsp;<\/p>\n<p><strong>Autres t\u00e2ches<\/strong><\/p>\n<ul>\n<li>Participer \u00e0 l&rsquo;\u00e9laboration et \u00e0 la mise en \u0153uvre des proc\u00e9dures financi\u00e8res<\/li>\n<li>Contribuer \u00e0 la tenue du grand livre et \u00e0 la pr\u00e9paration des comptes de gestion<\/li>\n<li>Tenir \u00e0 jour des syst\u00e8mes de classement et des pistes d&rsquo;audit pr\u00e9cis<\/li>\n<li>Participer \u00e0 la documentation et au d\u00e9ploiement des normes ISO\/SGC<\/li>\n<li>Fournir des rapports ponctuels \u00e0 la direction financi\u00e8re et aux administrateurs<\/li>\n<li>Assister aux r\u00e9unions du personnel et contribuer \u00e0 l&rsquo;am\u00e9lioration continue<\/li>\n<li>Effectuer des d\u00e9placements occasionnels au Ghana et au Nigeria pour assurer la liaison avec les \u00e9quipes financi\u00e8res, les banques et les auditeurs<\/li>\n<\/ul>\n<p>&nbsp;<\/p>\n<p><strong>Formation et d\u00e9veloppement<\/strong><\/p>\n<ul>\n<li>Qualification <strong>AAT<\/strong> prise en charge (\u00e9quivalent AS &amp; A Level)<\/li>\n<li>Initiation aux processus d&rsquo;audit interne<\/li>\n<li>Formation structur\u00e9e en cours d&#8217;emploi au sein du service financier du groupe<\/li>\n<\/ul>\n<p>&nbsp;<\/p>\n<p><strong>Comment postuler<\/strong><\/p>\n<p><strong>Processus de candidature :<\/strong><br \/>\nEnvoyez votre CV accompagn\u00e9 d&rsquo;un bref r\u00e9sum\u00e9 d\u00e9crivant votre int\u00e9r\u00eat pour le poste et votre exp\u00e9rience pertinente \u00e0 : <a title=\"mailto:recruitment@patersonsimons.com\" href=\"mailto:recruitment@patersonsimons.com\" data-linkindex=\"0\">recruitment@patersonsimons.com<\/a><\/p>\n<p class=\"x_MsoNormal\">Remarque : vous devez \u00eatre bas\u00e9 au Royaume-Uni et habiter \u00e0 proximit\u00e9 du lieu de travail<\/p>\n<p><strong>Lieu de l&rsquo;entretien :<\/strong> Brighton &amp; Hove, East Sussex<\/p>\n<p><strong>Type d&#8217;emploi :<\/strong> Temps plein, CDI<\/p>\n<p><strong>Lieu de travail :<\/strong> En pr\u00e9sentiel \/ Hybride \u00e0 terme<\/p>\n<p>&nbsp;<\/p>\n","protected":false},"excerpt":{"rendered":"<p>Assistant(e) comptable Lieu de travail : Brighton &amp; Hove, East Sussex (en bureau \u2013 t\u00e9l\u00e9travail possible apr\u00e8s la p\u00e9riode d&rsquo;essai) Horaires : Temps plein, du lundi au vendredi, de 9 h \u00e0 17 h 30 (horaires flexibles) R\u00e9muneration : Selon exp\u00e9rience (\u00a327,000 \u2013 \u00a329,000) &nbsp; Pr\u00e9sentation de l&rsquo;entreprise Paterson Simons &#8230;<\/p>\n","protected":false},"author":7,"featured_media":0,"parent":0,"menu_order":0,"comment_status":"closed","ping_status":"closed","template":"","meta":{"_acf_changed":false,"footnotes":""},"class_list":["post-18089","page","type-page","status-publish","hentry","no-post-thumbnail"],"acf":[],"_links":{"self":[{"href":"https:\/\/www.patersonsimons.com\/fr\/wp-json\/wp\/v2\/pages\/18089","targetHints":{"allow":["GET"]}}],"collection":[{"href":"https:\/\/www.patersonsimons.com\/fr\/wp-json\/wp\/v2\/pages"}],"about":[{"href":"https:\/\/www.patersonsimons.com\/fr\/wp-json\/wp\/v2\/types\/page"}],"author":[{"embeddable":true,"href":"https:\/\/www.patersonsimons.com\/fr\/wp-json\/wp\/v2\/users\/7"}],"replies":[{"embeddable":true,"href":"https:\/\/www.patersonsimons.com\/fr\/wp-json\/wp\/v2\/comments?post=18089"}],"version-history":[{"count":2,"href":"https:\/\/www.patersonsimons.com\/fr\/wp-json\/wp\/v2\/pages\/18089\/revisions"}],"predecessor-version":[{"id":18091,"href":"https:\/\/www.patersonsimons.com\/fr\/wp-json\/wp\/v2\/pages\/18089\/revisions\/18091"}],"wp:attachment":[{"href":"https:\/\/www.patersonsimons.com\/fr\/wp-json\/wp\/v2\/media?parent=18089"}],"curies":[{"name":"wp","href":"https:\/\/api.w.org\/{rel}","templated":true}]}}