{"id":17394,"date":"2025-12-03T10:15:34","date_gmt":"2025-12-03T10:15:34","guid":{"rendered":"https:\/\/www.patersonsimons.com\/service-and-aftermarket-deputy-manager\/"},"modified":"2025-12-03T14:07:38","modified_gmt":"2025-12-03T14:07:38","slug":"service-and-aftermarket-deputy-manager","status":"publish","type":"page","link":"https:\/\/www.patersonsimons.com\/fr\/service-and-aftermarket-deputy-manager\/","title":{"rendered":"Responsable adjoint Service apres-vente"},"content":{"rendered":"<h3><strong>Responsable adjoint du service apr\u00e8s-vente<\/strong><\/h3>\n<p><strong>Lieu :<\/strong> Lagos, Nig\u00e9ria<br \/>\n<strong>Type :<\/strong> Temps plein<\/p>\n<p>Nous recherchons un(e) responsable adjoint(e) du service apr\u00e8s-vente exp\u00e9riment\u00e9(e) pour soutenir et optimiser les op\u00e9rations quotidiennes de notre agence de Lagos. Si vous \u00eates une personne rigoureuse, proactive et capable de coordonner des \u00e9quipes techniques et des processus administratifs, n\u2019h\u00e9sitez pas \u00e0 nous contacter\u00a0!<\/p>\n<p><strong>Principales Responsibilit\u00e9es :<\/strong><\/p>\n<p><strong>Gestion Op\u00e9rationelle<\/strong><\/p>\n<ul>\n<li>G\u00e9rer la planification, l&rsquo;affectation et l&rsquo;ex\u00e9cution quotidienne des interventions du service<\/li>\n<li>Superviser le personnel et garantir la conformit\u00e9 de l&rsquo;entreprise aux normes HSE et aux r\u00e9glementations<\/li>\n<li>Optimiser l&rsquo;allocation des ressources (personnel, outils, \u00e9quipements)<\/li>\n<li>V\u00e9rifier les rapports d&rsquo;intervention, les demandes de garantie, les feuilles de pr\u00e9sence et les rapports de caisse<\/li>\n<li>Superviser les t\u00e2ches administratives quotidiennes, hebdomadaires et mensuelles<\/li>\n<li>Suivre les devis, les commandes, les factures et les documents associ\u00e9s<\/li>\n<\/ul>\n<p><strong>Gestion de la Relation Client<\/strong><\/p>\n<ul>\n<li>Etre le second point de contact pour les clients<\/li>\n<li>Communiquer de mani\u00e8re proactive sur les plannings, l&rsquo;avancement des travaux et les probl\u00e8mes rencontr\u00e9s<\/li>\n<\/ul>\n<p><strong>Gestion des stocks et des pi\u00e8ces d\u00e9tach\u00e9es<\/strong><\/p>\n<ul>\n<li>V\u00e9rifier les stocks locaux et superviser les commandes, la r\u00e9ception et l&rsquo;exp\u00e9dition<\/li>\n<li>Superviser les inventaires physiques et valider les rapports finaux<\/li>\n<\/ul>\n<p><strong>Administration &amp; Reporting<\/strong><\/p>\n<ul>\n<li>Superviser la documentation, l&rsquo;archivage et les op\u00e9rations de bureau<\/li>\n<li>Apporter du soutien pour les contrats de travail et les questions RH<\/li>\n<li>Garantir la conformit\u00e9 aux politiques, aux normes de s\u00e9curit\u00e9 et aux r\u00e9glementations locales<\/li>\n<li>Communiquer des mises \u00e0 jour hebdomadaires (\u00e9carts de planning, d\u00e9penses impr\u00e9vues)<\/li>\n<li>Produire des rapports mensuels (indicateurs cl\u00e9s de performance, projets importants, d\u00e9penses, mouvements d&rsquo;effectifs, etc.)<\/li>\n<\/ul>\n<p><strong>Support Finances &amp; Budget<\/strong><\/p>\n<ul>\n<li>Participer \u00e0 la pr\u00e9paration et \u00e0 la gestion du budget des services de la succursale<\/li>\n<li>Assurer le traitement rapide des factures et des notes de frais<\/li>\n<\/ul>\n<p><strong>Leadership HSE<\/strong><\/p>\n<ul>\n<li>Promouvoir une culture de s\u00e9curit\u00e9 forte<\/li>\n<li>Veiller au respect des bonnes pratiques HSE<\/li>\n<li>Organiser des r\u00e9unions d&rsquo;information r\u00e9guli\u00e8res sur la s\u00e9curit\u00e9<\/li>\n<\/ul>\n<p><strong>Am\u00e9lioration Continue<\/strong><\/p>\n<ul>\n<li>Pr\u00e9coniser des am\u00e9liorations aux flux de travail, aux processus et \u00e0 la gestion des donn\u00e9es<\/li>\n<\/ul>\n<p><strong>Qualifications<\/strong><\/p>\n<ul>\n<li>Licence en administration des affaires ou dans un domaine similaire<\/li>\n<li>2 ans d&rsquo;exp\u00e9rience minimum dans un poste similaire et 3 ans d&rsquo;exp\u00e9rience minimum \u00e0 un poste de supervision\/chef d&rsquo;\u00e9quipe<\/li>\n<li>Connaissances techniques de base (hydraulique, \u00e9lectricit\u00e9, m\u00e9canique)<\/li>\n<li>Exp\u00e9rience en gestion d&rsquo;\u00e9quipes administratives et techniques<\/li>\n<li>Excellentes aptitudes \u00e0 la communication et au service \u00e0 la client\u00e8le<\/li>\n<li>Ma\u00eetrise des logiciels de gestion des services et de la suite MS Office 365<\/li>\n<li>Solides capacit\u00e9s de r\u00e9solution de probl\u00e8mes et de prise de d\u00e9cision<\/li>\n<li>Permis de conduire nig\u00e9rian valide<\/li>\n<li>Disponibilit\u00e9 pour des d\u00e9placements locaux<\/li>\n<li>Poste bas\u00e9 \u00e0 <strong>Lagos au Nigeria<\/strong><\/li>\n<\/ul>\n<p><strong>Salaire : selon l&rsquo;exp\u00e9rience. A titre indicatif, voir ci-dessous :<\/strong><\/p>\n<ul>\n<li>25 millions de NGN salaire net mensuel.<\/li>\n<li>Prime sur objectifs de 250 000 NGN par trimestre.<\/li>\n<\/ul>\n<p>&nbsp;<\/p>\n<p><strong>Pour postuler<\/strong><\/p>\n<p><strong>How to Apply<\/strong><\/p>\n<p>APPLY FOR THIS JOB HERE:<a href=\"https:\/\/patersonsimons.bamboohr.com\/careers\/37\" target=\"_blank\" rel=\"noopener\"> https:\/\/patersonsimons.bamboohr.com\/careers\/37\u00a0<\/a><\/p>\n","protected":false},"excerpt":{"rendered":"<p>Responsable adjoint du service apr\u00e8s-vente Lieu : Lagos, Nig\u00e9ria Type : Temps plein Nous recherchons un(e) responsable adjoint(e) du service apr\u00e8s-vente exp\u00e9riment\u00e9(e) pour soutenir et optimiser les op\u00e9rations quotidiennes de notre agence de Lagos. Si vous \u00eates une personne rigoureuse, proactive et capable de coordonner des \u00e9quipes techniques et des &#8230;<\/p>\n","protected":false},"author":7,"featured_media":0,"parent":0,"menu_order":0,"comment_status":"closed","ping_status":"closed","template":"","meta":{"_acf_changed":false,"footnotes":""},"class_list":["post-17394","page","type-page","status-publish","hentry","no-post-thumbnail"],"acf":[],"_links":{"self":[{"href":"https:\/\/www.patersonsimons.com\/fr\/wp-json\/wp\/v2\/pages\/17394","targetHints":{"allow":["GET"]}}],"collection":[{"href":"https:\/\/www.patersonsimons.com\/fr\/wp-json\/wp\/v2\/pages"}],"about":[{"href":"https:\/\/www.patersonsimons.com\/fr\/wp-json\/wp\/v2\/types\/page"}],"author":[{"embeddable":true,"href":"https:\/\/www.patersonsimons.com\/fr\/wp-json\/wp\/v2\/users\/7"}],"replies":[{"embeddable":true,"href":"https:\/\/www.patersonsimons.com\/fr\/wp-json\/wp\/v2\/comments?post=17394"}],"version-history":[{"count":3,"href":"https:\/\/www.patersonsimons.com\/fr\/wp-json\/wp\/v2\/pages\/17394\/revisions"}],"predecessor-version":[{"id":17398,"href":"https:\/\/www.patersonsimons.com\/fr\/wp-json\/wp\/v2\/pages\/17394\/revisions\/17398"}],"wp:attachment":[{"href":"https:\/\/www.patersonsimons.com\/fr\/wp-json\/wp\/v2\/media?parent=17394"}],"curies":[{"name":"wp","href":"https:\/\/api.w.org\/{rel}","templated":true}]}}