{"id":15903,"date":"2025-02-12T10:46:59","date_gmt":"2025-02-12T10:46:59","guid":{"rendered":"https:\/\/www.patersonsimons.com\/paterson-simons-website-cookie-policy-terms-and-conditions-of-use\/"},"modified":"2025-03-17T10:48:14","modified_gmt":"2025-03-17T10:48:14","slug":"paterson-simons-website-cookie-policy-terms-and-conditions-of-use","status":"publish","type":"page","link":"https:\/\/www.patersonsimons.com\/fr\/paterson-simons-website-cookie-policy-terms-and-conditions-of-use\/","title":{"rendered":"Politique de cookies et Conditions g\u00e9n\u00e9rales d&rsquo;utilisation du site de Paterson Simons"},"content":{"rendered":"<h3><img decoding=\"async\" class=\"alignnone wp-image-15813 size-large\" src=\"https:\/\/www.patersonsimons.com\/wp-content\/uploads\/2025\/02\/Letterhead-Top-Header-image-e1739357622518-1024x138.jpg\" alt=\"Letterhead Top Header image\" width=\"1024\" height=\"138\" srcset=\"https:\/\/www.patersonsimons.com\/wp-content\/uploads\/2025\/02\/Letterhead-Top-Header-image-e1739357622518-1024x138.jpg 1024w, https:\/\/www.patersonsimons.com\/wp-content\/uploads\/2025\/02\/Letterhead-Top-Header-image-e1739357622518-300x41.jpg 300w, https:\/\/www.patersonsimons.com\/wp-content\/uploads\/2025\/02\/Letterhead-Top-Header-image-e1739357622518-768x104.jpg 768w, https:\/\/www.patersonsimons.com\/wp-content\/uploads\/2025\/02\/Letterhead-Top-Header-image-e1739357622518-1536x207.jpg 1536w, https:\/\/www.patersonsimons.com\/wp-content\/uploads\/2025\/02\/Letterhead-Top-Header-image-e1739357622518-500x68.jpg 500w, https:\/\/www.patersonsimons.com\/wp-content\/uploads\/2025\/02\/Letterhead-Top-Header-image-e1739357622518-1000x135.jpg 1000w, https:\/\/www.patersonsimons.com\/wp-content\/uploads\/2025\/02\/Letterhead-Top-Header-image-e1739357622518-100x14.jpg 100w, https:\/\/www.patersonsimons.com\/wp-content\/uploads\/2025\/02\/Letterhead-Top-Header-image-e1739357622518.jpg 1792w\" sizes=\"(max-width: 767px) 95vw, (max-width: 979px) 80vw, 1200px\" \/><\/h3>\n<p><strong>Politique de cookies et Conditions g\u00e9n\u00e9rales d&rsquo;utilisation du site de Paterson Simons<\/strong><\/p>\n<p>Ce site web utilise des cookies pour am\u00e9liorer votre exp\u00e9rience lorsque vous naviguez sur le site. Parmi ces cookies, les cookies class\u00e9s comme n\u00e9cessaires sont stock\u00e9s dans votre navigateur car ils sont essentiels au bon fonctionnement des fonctionnalit\u00e9s de base du site.<\/p>\n<p>Nous utilisons \u00e9galement des cookies tiers qui nous aident \u00e0 analyser et \u00e0 mieux comprendre comment vous utilisez ce site. Ces cookies ne seront stock\u00e9s dans votre navigateur qu&rsquo;avec votre consentement.<\/p>\n<p>Vous avez \u00e9galement la possibilit\u00e9 de d\u00e9sactiver ces cookies. Cependant, la d\u00e9sactivation de certains de ces cookies peut affecter votre exp\u00e9rience de navigation. Cliquez sur le lien \u00ab\u00a0G\u00e9rer l&rsquo;acc\u00e8s\u00a0\u00bb en bas \u00e0 droite de cette page pour acc\u00e9der aux param\u00e8tres ou les modifier. En acceptant les cookies n\u00e9cessaires, vous acceptez \u00e9galement les <a title=\"https:\/\/www.patersonsimons.com\/wp-content\/uploads\/2025\/02\/Paterson-Simons-website-Terms-and-Conditions-of-use.pdf\" href=\"https:\/\/www.patersonsimons.com\/wp-content\/uploads\/2025\/03\/VEUILLEZ-LIRE-ATTENTIVEMENT-CES-TERMES-ET-CONDITIONS-DUTILISATION-AVANT-DUTILISER-CE-SITE-1.pdf\" target=\"_blank\" rel=\"noopener noreferrer\" data-auth=\"NotApplicable\" data-linkindex=\"0\">conditions g\u00e9n\u00e9rales d&rsquo;utilisation du site Paterson Simons.<\/a><\/p>\n<p>&nbsp;<\/p>\n<p><strong>N\u00e9cessaires<\/strong><\/p>\n<p>Les cookies n\u00e9cessaires sont absolument essentiels au bon fonctionnement du site web. Ils assurent les fonctionnalit\u00e9s de base et la s\u00e9curit\u00e9 du site, de mani\u00e8re anonyme.<\/p>\n<p>&nbsp;<\/p>\n<table>\n<thead>\n<tr>\n<td><strong>Cookie<\/strong><\/td>\n<td><strong>Dur\u00e9e<\/strong><\/td>\n<td><strong>Description<\/strong><\/td>\n<\/tr>\n<\/thead>\n<tbody>\n<tr>\n<td><strong>_GRECAPTCHA<\/strong><\/td>\n<td>5 mois 27 jours<\/td>\n<td>Google Recaptcha d\u00e9finit ce cookie pour identifier les robots et prot\u00e9ger le site Web contre les attaques de spam malveillantes.<\/td>\n<\/tr>\n<tr>\n<td><strong>cookielawinfo-checkbox-advertisement<\/strong><\/td>\n<td>1 an<\/td>\n<td>D\u00e9fini par le plugin GDPR Cookie Consent, ce cookie enregistre le consentement de l\u2019utilisateur pour les cookies de la cat\u00e9gorie \u00ab Publicit\u00e9 \u00bb.<\/td>\n<\/tr>\n<tr>\n<td><strong>cookielawinfo-checkbox-analytics<\/strong><\/td>\n<td>11 mois<\/td>\n<td>Ce cookie est d\u00e9fini par le plugin GDPR Cookie Consent pour stocker le consentement de l\u2019utilisateur pour les cookies de la cat\u00e9gorie \u00ab Analytics \u00bb.<\/td>\n<\/tr>\n<tr>\n<td><strong>cookielawinfo-checkbox-functional<\/strong><\/td>\n<td>11 mois<\/td>\n<td>Ce cookie est d\u00e9fini par le plugin GDPR Cookie Consent pour enregistrer le consentement de l\u2019utilisateur pour les cookies de la cat\u00e9gorie \u00ab Fonctionnel \u00bb.<\/td>\n<\/tr>\n<tr>\n<td><strong>cookielawinfo-checkbox-necessary<\/strong><\/td>\n<td>11 mois<\/td>\n<td>Ce cookie est d\u00e9fini par le plugin GDPR Cookie Consent et est utilis\u00e9 pour stocker le consentement de l\u2019utilisateur pour les cookies de la cat\u00e9gorie \u00ab N\u00e9cessaire \u00bb.<\/td>\n<\/tr>\n<\/tbody>\n<\/table>\n<p>&nbsp;<\/p>\n<table>\n<tbody>\n<tr>\n<td><strong>CookieLawInfoConsent<\/strong><\/td>\n<td>1 an<\/td>\n<td>CookieYes d\u00e9finit ce cookie pour enregistrer l\u2019\u00e9tat du bouton de la cat\u00e9gorie correspondante et le statut du CCPA. Il fonctionne uniquement en coordination avec le cookie principal.<\/td>\n<\/tr>\n<tr>\n<td><strong>viewed_cookie_policy<\/strong><\/td>\n<td>11 mois<\/td>\n<td>Ce cookie est d\u00e9fini par le plugin GDPR Cookie Consent et est utilis\u00e9 pour stocker si l\u2019utilisateur a consenti \u00e0 l\u2019utilisation des cookies. Il ne stocke aucune donn\u00e9e personnelle.<\/td>\n<\/tr>\n<\/tbody>\n<\/table>\n<p>&nbsp;<\/p>\n<p>&nbsp;<\/p>\n<p><strong>Fonctionnels<\/strong><\/p>\n<p>Les cookies fonctionnels permettent d&rsquo;ex\u00e9cuter certaines fonctionnalit\u00e9s telles que le partage du contenu du site web sur les r\u00e9seaux sociaux, la collecte de commentaires et d&rsquo;autres fonctionnalit\u00e9s tierces.<\/p>\n<p><strong>Performances<\/strong><\/p>\n<p>Les cookies de performance sont utilis\u00e9s pour comprendre et analyser les indices de performance cl\u00e9s du site web, contribuant ainsi \u00e0 offrir une meilleure exp\u00e9rience utilisateur aux visiteurs.<\/p>\n<p><strong>Analytiques<\/strong><\/p>\n<p>Les cookies analytiques sont utilis\u00e9s pour comprendre comment les visiteurs interagissent avec le site web. Ces cookies permettent de fournir des informations sur le nombre de visiteurs, le taux de rebond, la source de trafic, etc.<\/p>\n<p>&nbsp;<\/p>\n<table>\n<thead>\n<tr>\n<td><strong>Cookie<\/strong><\/td>\n<td><strong>Dur\u00e9e<\/strong><\/td>\n<td><strong>Description<\/strong><\/td>\n<\/tr>\n<\/thead>\n<tbody>\n<tr>\n<td><strong>_ga<\/strong><\/td>\n<td>1 an 1 mois 4 jours<\/td>\n<td>Google Analytics d\u00e9finit ce cookie pour calculer les donn\u00e9es du visiteur, de session et de campagne et suivre l\u2019utilisation du site pour le rapport d\u2019analyse. Ce cookie stocke des informations de mani\u00e8re anonyme et attribue un num\u00e9ro g\u00e9n\u00e9r\u00e9 al\u00e9atoirement pour reconna\u00eetre les visiteurs uniques.<\/td>\n<\/tr>\n<tr>\n<td><strong>_gat_UA-<\/strong>*<\/td>\n<td>1 minute<\/td>\n<td>Google Analytics d\u00e9finit ce cookie pour suivre le comportement des utilisateurs.<\/td>\n<\/tr>\n<tr>\n<td><strong>_gid<\/strong><\/td>\n<td>1 jour<\/td>\n<td>Google Analytics d\u00e9finit ce cookie pour stocker des informations sur la mani\u00e8re dont les visiteurs utilisent un site Web tout en cr\u00e9ant un rapport analytique sur la performance du site. Certaines des donn\u00e9es collect\u00e9es incluent le nombre de visiteurs, leur source et les pages qu\u2019ils visitent anonymement.<\/td>\n<\/tr>\n<tr>\n<td><strong>CONSENT<\/strong><\/td>\n<td>2 ans<\/td>\n<td>YouTube d\u00e9finit ce cookie via des vid\u00e9os YouTube int\u00e9gr\u00e9es et enregistre des donn\u00e9es statistiques anonymes.<\/td>\n<\/tr>\n<\/tbody>\n<\/table>\n<p><strong>Publicit\u00e9<\/strong><\/p>\n<p>Les cookies publicitaires sont utilis\u00e9s pour proposer aux visiteurs des publicit\u00e9s et des campagnes marketing pertinentes. Ces cookies suivent les visiteurs sur les sites web et collectent des informations pour proposer des publicit\u00e9s personnalis\u00e9es.<\/p>\n<p>&nbsp;<\/p>\n<table>\n<thead>\n<tr>\n<td><strong>Cookie<\/strong><\/td>\n<td><strong>Dur\u00e9e<\/strong><\/td>\n<td><strong>Description<\/strong><\/td>\n<\/tr>\n<\/thead>\n<tbody>\n<tr>\n<td><strong>test_cookie<\/strong><\/td>\n<td>15 minutes<\/td>\n<td>doubleclick.net d\u00e9finit ce cookie pour d\u00e9terminer si le navigateur de l\u2019utilisateur prend en charge les cookies.<\/td>\n<\/tr>\n<tr>\n<td><strong>VISITOR_INFO1_LIVE<\/strong><\/td>\n<td>5 mois 27 jours<\/td>\n<td>YouTube d\u00e9finit ce cookie pour mesurer la bande passante, d\u00e9terminant si l\u2019utilisateur obtient l\u2019interface du lecteur nouvelle ou ancienne.<\/td>\n<\/tr>\n<tr>\n<td><strong>YSC<\/strong><\/td>\n<td>Session<\/td>\n<td>YouTube d\u00e9finit ce cookie pour suivre les vues des vid\u00e9os int\u00e9gr\u00e9es sur les pages YouTube.<\/td>\n<\/tr>\n<tr>\n<td><strong>yt-remote-connected-devices<\/strong><\/td>\n<td>Jamais<\/td>\n<td>YouTube d\u00e9finit ce cookie pour stocker les pr\u00e9f\u00e9rences vid\u00e9o de l\u2019utilisateur lorsqu\u2019il regarde des vid\u00e9os YouTube int\u00e9gr\u00e9es.<\/td>\n<\/tr>\n<tr>\n<td><strong>yt-remote-device-id<\/strong><\/td>\n<td>Jamais<\/td>\n<td>YouTube d\u00e9finit ce cookie pour stocker les pr\u00e9f\u00e9rences vid\u00e9o de l\u2019utilisateur lorsqu\u2019il regarde des vid\u00e9os YouTube int\u00e9gr\u00e9es.<\/td>\n<\/tr>\n<tr>\n<td><strong>yt.innertube::nextId<\/strong><\/td>\n<td>Jamais<\/td>\n<td>YouTube d\u00e9finit ce cookie pour enregistrer un identifiant unique afin de stocker des donn\u00e9es sur les vid\u00e9os YouTube visionn\u00e9es par l\u2019utilisateur.<\/td>\n<\/tr>\n<tr>\n<td><strong>yt.innertube::requests<\/strong><\/td>\n<td>Jamais<\/td>\n<td>YouTube d\u00e9finit ce cookie pour enregistrer un identifiant unique afin de stocker des donn\u00e9es sur les vid\u00e9os YouTube visionn\u00e9es par l\u2019utilisateur.<\/td>\n<\/tr>\n<\/tbody>\n<\/table>\n<p><strong>Autres<\/strong><\/p>\n<p>Les autres cookies sont ceux qui sont en cours d&rsquo;analyse et n&rsquo;ont pas encore \u00e9t\u00e9 class\u00e9s dans une cat\u00e9gorie.<\/p>\n<p>&nbsp;<\/p>\n","protected":false},"excerpt":{"rendered":"<p>Politique de cookies et Conditions g\u00e9n\u00e9rales d&rsquo;utilisation du site de Paterson Simons Ce site web utilise des cookies pour am\u00e9liorer votre exp\u00e9rience lorsque vous naviguez sur le site. Parmi ces cookies, les cookies class\u00e9s comme n\u00e9cessaires sont stock\u00e9s dans votre navigateur car ils sont essentiels au bon fonctionnement des fonctionnalit\u00e9s &#8230;<\/p>\n","protected":false},"author":7,"featured_media":0,"parent":0,"menu_order":0,"comment_status":"closed","ping_status":"closed","template":"","meta":{"_acf_changed":false,"footnotes":""},"class_list":["post-15903","page","type-page","status-publish","hentry","no-post-thumbnail"],"acf":[],"_links":{"self":[{"href":"https:\/\/www.patersonsimons.com\/fr\/wp-json\/wp\/v2\/pages\/15903","targetHints":{"allow":["GET"]}}],"collection":[{"href":"https:\/\/www.patersonsimons.com\/fr\/wp-json\/wp\/v2\/pages"}],"about":[{"href":"https:\/\/www.patersonsimons.com\/fr\/wp-json\/wp\/v2\/types\/page"}],"author":[{"embeddable":true,"href":"https:\/\/www.patersonsimons.com\/fr\/wp-json\/wp\/v2\/users\/7"}],"replies":[{"embeddable":true,"href":"https:\/\/www.patersonsimons.com\/fr\/wp-json\/wp\/v2\/comments?post=15903"}],"version-history":[{"count":8,"href":"https:\/\/www.patersonsimons.com\/fr\/wp-json\/wp\/v2\/pages\/15903\/revisions"}],"predecessor-version":[{"id":16161,"href":"https:\/\/www.patersonsimons.com\/fr\/wp-json\/wp\/v2\/pages\/15903\/revisions\/16161"}],"wp:attachment":[{"href":"https:\/\/www.patersonsimons.com\/fr\/wp-json\/wp\/v2\/media?parent=15903"}],"curies":[{"name":"wp","href":"https:\/\/api.w.org\/{rel}","templated":true}]}}