{"id":13435,"date":"2024-02-26T13:32:53","date_gmt":"2024-02-26T13:32:53","guid":{"rendered":"https:\/\/www.patersonsimons.com\/regional-sales-engineer-for-english-speaking-west-africa\/"},"modified":"2025-02-24T09:53:26","modified_gmt":"2025-02-24T09:53:26","slug":"plant-sales-engineer","status":"publish","type":"page","link":"https:\/\/www.patersonsimons.com\/fr\/plant-sales-engineer\/","title":{"rendered":"Ingenieur Commercial"},"content":{"rendered":"<h3><strong>Ing\u00e9nieur Commercial<br \/>\n<\/strong><\/h3>\n<p>&nbsp;<\/p>\n<p>&#8211; Bas\u00e9 \u00e0 Brighton avec des d\u00e9placements en Afrique de l&rsquo;Ouest<br \/>\n&#8211; Salaire comp\u00e9titif et bonus<br \/>\n&#8211; Temps plein, CDI<\/p>\n<p>&nbsp;<\/p>\n<p>Nous recherchons un ing\u00e9nieur commercial qui sera charg\u00e9 de rechercher, de d\u00e9velopper et de conclure des ventes d&rsquo;\u00e9quipements de levage et de services associ\u00e9s dans des limites territoriales d\u00e9finies, principalement dans les ports et les industries mini\u00e8res d&rsquo;Afrique de l&rsquo;Ouest.<\/p>\n<p>Pour r\u00e9ussir, l&rsquo;ing\u00e9nieur devra d\u00e9velopper de solides relations avec les clients, assurer une liaison \u00e9troite avec les services internes pour assurer un excellent service client tout en s&rsquo;assurant que la commande potentielle d&rsquo;\u00e9quipement est adapt\u00e9e aux besoins et r\u00e9pond aux exigences commerciales du groupe Paterson Simons. Des rapports sur l&rsquo;avancement des projets et des commandes seront \u00e9tablis et afin de conna\u00eetre les opportunit\u00e9s, le d\u00e9veloppement et l&rsquo;ex\u00e9cution de la strat\u00e9gie commerciale et marketing seront importants.<\/p>\n<p>En plus des ventes de mat\u00e9riel, l&rsquo;identification d&rsquo;opportunit\u00e9s de vente de services du groupe, de maintenance et de pi\u00e8ces de rechange font partie du poste, les opportunit\u00e9s \u00e9tant transmises au service concern\u00e9 pour ex\u00e9cution.<\/p>\n<p>Le candidat id\u00e9al aura un dipl\u00f4me d&rsquo;ing\u00e9nieur ou une exp\u00e9rience pertinente dans le secteur et sera en mesure de d\u00e9montrer des connaissances techniques sur les \u00e9quipements de levage. \u00catre autonome, avoir le dynamisme et l&rsquo;ambition de g\u00e9rer les exigences du poste, les d\u00e9placements et le lieu de travail est n\u00e9cessaire, ainsi qu&rsquo;\u00eatre un communiquant efficace, et avoir une bonne compr\u00e9hension des diff\u00e9rentes cultures dans lesquelles nous op\u00e9rons. Des comp\u00e9tences linguistiques courantes ou maternelles en fran\u00e7ais seront \u00e9galement utiles, car de nombreux clients et fournisseurs ont le fran\u00e7ais ou l&rsquo;anglais comme deuxi\u00e8me langue.<\/p>\n<p>Le poste est bas\u00e9 \u00e0 Brighton, avec de nombreux d\u00e9placements en Afrique de l&rsquo;Ouest.<\/p>\n<p>&nbsp;<\/p>\n<p><strong>Avantages\u00a0:<\/strong><br \/>\n\u2022 Programme vacances<br \/>\n\u2022 Couverture des frais m\u00e9dicaux<br \/>\n\u2022 Couverture des maladies graves<br \/>\n\u2022 Assurance-vie<br \/>\n\u2022 Programme d&rsquo;aide aux employ\u00e9s<br \/>\n\u2022 R\u00e9gime de retraite bas\u00e9 sur le sacrifice salarial<br \/>\n\u2022 Programme de v\u00e9lo pour se rendre au travail<\/p>\n<p><strong>Formation et d\u00e9veloppement\u00a0:<\/strong><br \/>\nUne formation compl\u00e8te sera dispens\u00e9e et des encouragements seront donn\u00e9s \u00e0 notre \u00e9quipe pour un d\u00e9veloppement continu. Nous soutenons le d\u00e9veloppement professionnel et sommes fiers de notre bilan en mati\u00e8re de soutien au personnel pour qu&rsquo;il se d\u00e9veloppe et r\u00e9alise ses aspirations professionnelles.<\/p>\n<p><strong>Pour postuler :\u00a0<\/strong><\/p>\n<p>Veuillez envoyer votre CV et votre lettre de motivation \u00e0 <a href=\"mailto:recruitment@petersonsimons.com\">recruitment@patersonsimons.com<\/a> et mettre <strong>Ing\u00e9nieur commercial <\/strong>dans le sujet de votre e-mail et pr\u00e9ciser vos attentes salariales. .<\/p>\n","protected":false},"excerpt":{"rendered":"<p>Ing\u00e9nieur Commercial &nbsp; &#8211; Bas\u00e9 \u00e0 Brighton avec des d\u00e9placements en Afrique de l&rsquo;Ouest &#8211; Salaire comp\u00e9titif et bonus &#8211; Temps plein, CDI &nbsp; Nous recherchons un ing\u00e9nieur commercial qui sera charg\u00e9 de rechercher, de d\u00e9velopper et de conclure des ventes d&rsquo;\u00e9quipements de levage et de services associ\u00e9s dans des &#8230;<\/p>\n","protected":false},"author":7,"featured_media":0,"parent":0,"menu_order":0,"comment_status":"closed","ping_status":"closed","template":"","meta":{"_acf_changed":false,"footnotes":""},"class_list":["post-13435","page","type-page","status-publish","hentry","no-post-thumbnail"],"acf":[],"_links":{"self":[{"href":"https:\/\/www.patersonsimons.com\/fr\/wp-json\/wp\/v2\/pages\/13435","targetHints":{"allow":["GET"]}}],"collection":[{"href":"https:\/\/www.patersonsimons.com\/fr\/wp-json\/wp\/v2\/pages"}],"about":[{"href":"https:\/\/www.patersonsimons.com\/fr\/wp-json\/wp\/v2\/types\/page"}],"author":[{"embeddable":true,"href":"https:\/\/www.patersonsimons.com\/fr\/wp-json\/wp\/v2\/users\/7"}],"replies":[{"embeddable":true,"href":"https:\/\/www.patersonsimons.com\/fr\/wp-json\/wp\/v2\/comments?post=13435"}],"version-history":[{"count":6,"href":"https:\/\/www.patersonsimons.com\/fr\/wp-json\/wp\/v2\/pages\/13435\/revisions"}],"predecessor-version":[{"id":15907,"href":"https:\/\/www.patersonsimons.com\/fr\/wp-json\/wp\/v2\/pages\/13435\/revisions\/15907"}],"wp:attachment":[{"href":"https:\/\/www.patersonsimons.com\/fr\/wp-json\/wp\/v2\/media?parent=13435"}],"curies":[{"name":"wp","href":"https:\/\/api.w.org\/{rel}","templated":true}]}}