{"id":13193,"date":"2024-01-22T13:23:03","date_gmt":"2024-01-22T13:23:03","guid":{"rendered":"https:\/\/www.patersonsimons.com\/sheq-systems-officer\/"},"modified":"2024-01-22T14:00:15","modified_gmt":"2024-01-22T14:00:15","slug":"sheq-systems-officer","status":"publish","type":"page","link":"https:\/\/www.patersonsimons.com\/fr\/sheq-systems-officer\/","title":{"rendered":"Responsable SHEQ"},"content":{"rendered":"<h3><strong><u>Responsable SHEQ<\/u><\/strong><\/h3>\n<p>Entreprise\u00a0: Pasico Ghana PLC<br \/>\nLieu : Ghana<br \/>\nR\u00e9mun\u00e9ration : N\u00e9gociable<br \/>\nDate limite de candidature : 29 janvier 2024<\/p>\n<p>&nbsp;<\/p>\n<p><strong>Pasico Ghana PLC<\/strong> recrute une personne exp\u00e9riment\u00e9e, d\u00e9vou\u00e9e et focus sur les objectifs en tant que <strong>responsable SHEQ.<\/strong><\/p>\n<p>Le candidat retenu sera responsable de\u00a0:<\/p>\n<ul>\n<li>Faciliter et coordonner la compilation et la mise \u00e0 jour de tous les documents et amp; enregistrements.<\/li>\n<li>Assurer la mise en \u0153uvre des PSAL et des politiques l\u00e9gislatives appropri\u00e9es en mati\u00e8re de s\u00e9curit\u00e9 et de qualit\u00e9<\/li>\n<li>Agir en tant que ressource et partenaire commercial sur les m\u00e9thodes utilis\u00e9es pour organiser des formations, \u00e9laborer des documents \u00e9crits et effectuer des examens internes qui r\u00e9pondent aux exigences PSAL SHEQ<\/li>\n<li>Communiquer les conclusions des examens\/audits au personnel de direction et veiller \u00e0 ce que les \u00e9l\u00e9ments de non-conformit\u00e9 d\u00e9couverts lors de ces examens\/audits ou au cours des op\u00e9rations quotidiennes soient trait\u00e9s et corrig\u00e9s en temps opportun.<\/li>\n<li>Administrer le syst\u00e8me de donn\u00e9es documentaires.<\/li>\n<li>Former toutes les parties concern\u00e9es sur les documents et les campagnes; contr\u00f4ler les donn\u00e9es.<\/li>\n<li>Aider toutes les fonctions \u00e0 r\u00e9diger des proc\u00e9dures et \u00e0 mettre \u00e0 jour des documents<\/li>\n<li>Mettre en \u0153uvre les exigences PSAL<\/li>\n<li>S&rsquo;assurer qu&rsquo;un syst\u00e8me d&rsquo;actions correctives est en place et suivi.<\/li>\n<\/ul>\n<p><strong><u>Qualifications\u00a0 <\/u><\/strong><\/p>\n<ul>\n<li>Id\u00e9al\u00a0:\u00a0BSc ou licence en environnement, s\u00e9curit\u00e9, sant\u00e9 au travail, licence en sciences, licence en ing\u00e9nierie, licence en math\u00e9matiques et statistiques ou tout autre domaine pertinent<\/li>\n<li>Minimum\u00a0: Dipl\u00f4me national en comptabilit\u00e9, statistiques ou math\u00e9matiques ou baccalaur\u00e9at<\/li>\n<\/ul>\n<p><strong><u>Comp\u00e9tences<\/u><\/strong><\/p>\n<ul>\n<li>Effectuer et faciliter l&rsquo;ex\u00e9cution des activit\u00e9s et proc\u00e9dures administratives.<\/li>\n<li>Capacit\u00e9 \u00e0 cr\u00e9er de la confiance et \u00e0 \u00e9tablir un r\u00e9seau de relations avec les subordonn\u00e9s, les pairs et la direction.<\/li>\n<li>Capacit\u00e9 de planifier une t\u00e2che, un travail ou un projet de mani\u00e8re r\u00e9aliste, de structurer le travail et de d\u00e9l\u00e9guer des t\u00e2ches, d&rsquo;allouer du temps et des ressources de mani\u00e8re appropri\u00e9e, de fixer des objectifs et de mesurer les performances par rapport aux normes.<\/li>\n<li>Capacit\u00e9 \u00e0 rechercher et \u00e0 \u00e9xaminer toutes les informations possibles et pertinentes pour conceptualiser des probl\u00e8mes en vue de les r\u00e9soudre et de prendre des d\u00e9cisions en tenant d\u00fbment compte des implications \u00e0 long et \u00e0 court terme.<\/li>\n<li>Capacit\u00e9 \u00e0 tenir les autres et soi-m\u00eame responsables de l&rsquo;atteinte de r\u00e9sultats mesurables, de haute qualit\u00e9, rapides et rentables, ainsi que du respect de leurs engagements.<\/li>\n<li>Assurer le respect des politiques, proc\u00e9dures et l\u00e9gislations de l&rsquo;entreprise.<\/li>\n<\/ul>\n<p><strong><u>Mode d&rsquo;application<\/u><\/strong><\/p>\n<p>La lettre de candidature, les curriculum vitae et autres documents pertinents doivent \u00eatre envoy\u00e9s par e-mail \u00e0 <a href=\"mailto:recruitment@pasico.com\">recruitment@pasico.com<\/a><\/p>\n<p>Date limite de candidature : 29 janvier 2024<\/p>\n<p>Seuls les candidats pr\u00e9s\u00e9lectionn\u00e9s seront contact\u00e9s<\/p>\n<p><strong><u>R\u00e9mun\u00e9ration<\/u><\/strong><\/p>\n<p>N\u00e9gociable<\/p>\n","protected":false},"excerpt":{"rendered":"<p>Responsable SHEQ Entreprise\u00a0: Pasico Ghana PLC Lieu : Ghana R\u00e9mun\u00e9ration : N\u00e9gociable Date limite de candidature : 29 janvier 2024 &nbsp; Pasico Ghana PLC recrute une personne exp\u00e9riment\u00e9e, d\u00e9vou\u00e9e et focus sur les objectifs en tant que responsable SHEQ. Le candidat retenu sera responsable de\u00a0: Faciliter et coordonner la compilation &#8230;<\/p>\n","protected":false},"author":7,"featured_media":0,"parent":0,"menu_order":0,"comment_status":"closed","ping_status":"closed","template":"","meta":{"_acf_changed":false,"footnotes":""},"class_list":["post-13193","page","type-page","status-publish","hentry","no-post-thumbnail"],"acf":[],"_links":{"self":[{"href":"https:\/\/www.patersonsimons.com\/fr\/wp-json\/wp\/v2\/pages\/13193","targetHints":{"allow":["GET"]}}],"collection":[{"href":"https:\/\/www.patersonsimons.com\/fr\/wp-json\/wp\/v2\/pages"}],"about":[{"href":"https:\/\/www.patersonsimons.com\/fr\/wp-json\/wp\/v2\/types\/page"}],"author":[{"embeddable":true,"href":"https:\/\/www.patersonsimons.com\/fr\/wp-json\/wp\/v2\/users\/7"}],"replies":[{"embeddable":true,"href":"https:\/\/www.patersonsimons.com\/fr\/wp-json\/wp\/v2\/comments?post=13193"}],"version-history":[{"count":2,"href":"https:\/\/www.patersonsimons.com\/fr\/wp-json\/wp\/v2\/pages\/13193\/revisions"}],"predecessor-version":[{"id":13195,"href":"https:\/\/www.patersonsimons.com\/fr\/wp-json\/wp\/v2\/pages\/13193\/revisions\/13195"}],"wp:attachment":[{"href":"https:\/\/www.patersonsimons.com\/fr\/wp-json\/wp\/v2\/media?parent=13193"}],"curies":[{"name":"wp","href":"https:\/\/api.w.org\/{rel}","templated":true}]}}