{"id":12519,"date":"2023-12-18T15:23:49","date_gmt":"2023-12-18T15:23:49","guid":{"rendered":"https:\/\/www.patersonsimons.com\/?page_id=12519"},"modified":"2024-06-10T07:34:50","modified_gmt":"2024-06-10T07:34:50","slug":"parts-assistant-inventory","status":"publish","type":"page","link":"https:\/\/www.patersonsimons.com\/fr\/parts-assistant-inventory\/","title":{"rendered":"ASSISTANT PIECES \u2013 STOCK"},"content":{"rendered":"<h3><strong>Assistant pi\u00e8ces \u2013 Stock<\/strong><\/h3>\n<p>Paterson Simons &amp; CO (Afrique) Ltd<br \/>\nBrighton, Sussex<br \/>\nTemps plein \/ CDI \/ 37,5 heures par semaine<\/p>\n<p><strong>Assistant pi\u00e8ces<\/strong><br \/>\nUne opportunit\u00e9 s&rsquo;est pr\u00e9sent\u00e9e pour un assistant pi\u00e8ces d\u00e9tach\u00e9es relevant du responsable des pi\u00e8ces du groupe, pour d\u00e9velopper et surveiller les stocks de pi\u00e8ces strat\u00e9giques pour les \u00e9quipements de levage bas\u00e9s en Afrique de l&rsquo;Ouest et centrale. Les stocks de pi\u00e8ces d\u00e9tach\u00e9es peuvent \u00eatre d\u00e9tenus par des clients (vendus directement ou en consignation), par des filiales ou dans un site europ\u00e9en. Les objectifs cl\u00e9s sont de garantir une tenue de registres pr\u00e9cise et \u00e0 jour afin que les pi\u00e8ces soient renouvel\u00e9es, que la valeur des actifs soit appr\u00e9ci\u00e9e par les clients et que le risque commercial pour le groupe (physique et financier\u00a0: perte, dommage, mauvaise utilisation) soit minimis\u00e9.<\/p>\n<p>Il s&rsquo;agit d&rsquo;un nouveau poste bas\u00e9 dans notre bureau de Brighton et, apr\u00e8s une p\u00e9riode de formation initiale, la possibilit\u00e9 de travailler \u00e0 domicile quelques jours par semaine est possible.<\/p>\n<p><strong>Le poste comprend, sans toutefois s&rsquo;y limiter\u00a0:<\/strong><br \/>\n\u2022 Travailler avec le responsable des pi\u00e8ces du groupe, les ing\u00e9nieurs PSAL et les OEM pour analyser l&rsquo;inventaire du groupe et des clients afin d&rsquo;identifier les articles \u00e0 rotation lente.<br \/>\n\u2022 Travailler avec le responsable des pi\u00e8ces du groupe, les ing\u00e9nieurs PSAL et les OEM pour identifier les opportunit\u00e9s de stocks de consignation bas\u00e9s sur les clients lorsque cela est financi\u00e8rement possible.<br \/>\n\u2022 Travailler avec le responsable des pi\u00e8ces du groupe, les ing\u00e9nieurs PSAL et les OEM pour identifier les opportunit\u00e9s pour les stocks strat\u00e9giques situ\u00e9s avec les filiales en Afrique de l&rsquo;Ouest et centrale.<br \/>\n\u2022 Travailler avec le responsable des pi\u00e8ces du groupe, les ing\u00e9nieurs PSAL et les OEM pour identifier les opportunit\u00e9s pour les stocks strat\u00e9giques situ\u00e9s en Europe.<br \/>\n\u2022 Superviser l&rsquo;int\u00e9grit\u00e9 de tous les stocks appartenant au groupe PSAL et garantir que des inventaires r\u00e9guliers sont effectu\u00e9s et analys\u00e9s (qualit\u00e9 et quantit\u00e9) et que toute non-conformit\u00e9 est signal\u00e9e au responsable des pi\u00e8ces du groupe et r\u00e9solue de mani\u00e8re rapide et efficace.<\/p>\n<p><strong>Dipl\u00f4mes &#8211; \u00e9tudes<\/strong><br \/>\nAnglais et math\u00e9matiques GCSE ou \u00e9quivalent<br \/>\nAutres langues (notamment le fran\u00e7ais) seraient un plus.<br \/>\nUn dipl\u00f4me d&rsquo;\u00e9tudes sup\u00e9rieures en gestion des stocks (ou une exp\u00e9rience professionnelle comparable).<\/p>\n<p><strong>Technique<\/strong><br \/>\nConnaissances en informatique avec une solide connaissance d\u00e9montrable de MS Office, en particulier Excel et MS Dynamics<br \/>\nUne expertise technique en mati\u00e8re de grues et d&rsquo;\u00e9quipements de levage serait souhaitable mais n&rsquo;est pas indispensable car une formation compl\u00e8te sera dispens\u00e9e sur les produits et les syst\u00e8mes.<\/p>\n<p><strong>Attributs personnels<\/strong><br \/>\nCapable de d\u00e9montrer de solides comp\u00e9tences administratives et organisationnelles.<br \/>\nConnaissance et exp\u00e9rience de travail dans un environnement commercial, traitant de stocks complexes.<br \/>\nUne exp\u00e9rience de la vente \u00e0 l&rsquo;export et du support apr\u00e8s-vente est \u00e9galement souhaitable. L\u00e0 encore, une formation compl\u00e8te sera dispens\u00e9e.<\/p>\n<p>Une connaissance et une exp\u00e9rience de travail dans un environnement commercial, traitant de stocks complexes, seraient \u00e9galement souhaitables.<\/p>\n<p><strong>Pour postuler :<\/strong> veuillez envoyer votre CV et votre lettre de motivation avec vos attentes salariales \u00e0 <strong><a href=\"mailto:recruitment@patersonsimons.com\">recruitment@patersonsimons.com<\/a><\/strong> et mettre <strong>Assistant pi\u00e8ces<\/strong> dans votre e-mail.<\/p>\n","protected":false},"excerpt":{"rendered":"<p>Assistant pi\u00e8ces \u2013 Stock Paterson Simons &amp; CO (Afrique) Ltd Brighton, Sussex Temps plein \/ CDI \/ 37,5 heures par semaine Assistant pi\u00e8ces Une opportunit\u00e9 s&rsquo;est pr\u00e9sent\u00e9e pour un assistant pi\u00e8ces d\u00e9tach\u00e9es relevant du responsable des pi\u00e8ces du groupe, pour d\u00e9velopper et surveiller les stocks de pi\u00e8ces strat\u00e9giques pour les &#8230;<\/p>\n","protected":false},"author":7,"featured_media":0,"parent":0,"menu_order":0,"comment_status":"closed","ping_status":"closed","template":"","meta":{"_acf_changed":false,"footnotes":""},"class_list":["post-12519","page","type-page","status-publish","hentry","no-post-thumbnail"],"acf":[],"_links":{"self":[{"href":"https:\/\/www.patersonsimons.com\/fr\/wp-json\/wp\/v2\/pages\/12519","targetHints":{"allow":["GET"]}}],"collection":[{"href":"https:\/\/www.patersonsimons.com\/fr\/wp-json\/wp\/v2\/pages"}],"about":[{"href":"https:\/\/www.patersonsimons.com\/fr\/wp-json\/wp\/v2\/types\/page"}],"author":[{"embeddable":true,"href":"https:\/\/www.patersonsimons.com\/fr\/wp-json\/wp\/v2\/users\/7"}],"replies":[{"embeddable":true,"href":"https:\/\/www.patersonsimons.com\/fr\/wp-json\/wp\/v2\/comments?post=12519"}],"version-history":[{"count":5,"href":"https:\/\/www.patersonsimons.com\/fr\/wp-json\/wp\/v2\/pages\/12519\/revisions"}],"predecessor-version":[{"id":14245,"href":"https:\/\/www.patersonsimons.com\/fr\/wp-json\/wp\/v2\/pages\/12519\/revisions\/14245"}],"wp:attachment":[{"href":"https:\/\/www.patersonsimons.com\/fr\/wp-json\/wp\/v2\/media?parent=12519"}],"curies":[{"name":"wp","href":"https:\/\/api.w.org\/{rel}","templated":true}]}}