{"id":11718,"date":"2023-09-04T11:25:46","date_gmt":"2023-09-04T11:25:46","guid":{"rendered":"https:\/\/www.patersonsimons.com\/accounts-assistant-paterson-simons\/"},"modified":"2023-10-13T13:27:31","modified_gmt":"2023-10-13T13:27:31","slug":"accounts-assistant-paterson-simons","status":"publish","type":"page","link":"https:\/\/www.patersonsimons.com\/fr\/accounts-assistant-paterson-simons\/","title":{"rendered":"Assistant Comptable &#8211; Paterson Simons"},"content":{"rendered":"<p><u>Paterson Simons &amp; CO (Afrique) Ltd<\/u><\/p>\n<p>Brighton, Sussex Grangemouth, Falkirk<\/p>\n<p>26 \u00e0 28.000 \u00a3 par an<\/p>\n<p>CDI, Temps plein<\/p>\n<p><strong>Assistant comptable<\/strong><\/p>\n<p>Une opportunit\u00e9 s&rsquo;est pr\u00e9sent\u00e9e pour un assistant comptable pour aider le responsable adjoint des comptes \u00e0 fournir des informations de compte pr\u00e9cises en garantissant que le syst\u00e8me SAGE est \u00e0 jour avec des donn\u00e9es correctes et v\u00e9rifi\u00e9es. Permettant ainsi de rendre compte en temps opportun \u00e0 l&rsquo;\u00e9quipe de direction pour la prise de d\u00e9cision et le contr\u00f4le de l&rsquo;entreprise.<\/p>\n<p>Le poste est bas\u00e9 \u00e0 notre bureau de Brighton et, apr\u00e8s une p\u00e9riode de formation initiale, la possibilit\u00e9 de travailler \u00e0 domicile quelques jours par semaine sera possible.<\/p>\n<p>Un r\u00f4le de comptabilit\u00e9 g\u00e9n\u00e9rale qui comprend\u00a0:<\/p>\n<ul>\n<li>Cr\u00e9ation ad hoc de nouveaux comptes clients et fournisseurs dans SAGE <\/li>\n<li>Le traitement des paiements convenus avec le directeur financier<\/li>\n<li>Publier toutes les factures d&rsquo;achat dans SAGE<\/li>\n<li>Rapprochement des relev\u00e9s fournisseurs, relev\u00e9s bancaires<\/li>\n<li>Rapports r\u00e9guliers sur les ventes\/encaissements pour la direction<\/li>\n<\/ul>\n<p>Une formation sera dispens\u00e9e pour ce r\u00f4le, y compris le parrainage d&rsquo;AAT, mais nous attendons que le titulaire retenu s&rsquo;approprie son propre d\u00e9veloppement en recherchant des cours externes en fonction des objectifs commerciaux.<\/p>\n<p><strong>Formation <\/strong><\/p>\n<p>Anglais et math\u00e9matiques GCSE ou \u00e9quivalent<\/p>\n<p><strong>Technique<\/strong><\/p>\n<p>Les qualit\u00e9s humaines sont importantes pour ce r\u00f4le, mais une ma\u00eetrise de l&rsquo;informatique et une solide connaissance d\u00e9montrable de MS Office, en particulier d&rsquo;Excel, sont requises.<\/p>\n<p><strong>Qualit\u00e9s personnelles <\/strong><\/p>\n<ul>\n<li>Excellent communicateur dot\u00e9 d&rsquo;excellentes comp\u00e9tences relationnelles<\/li>\n<li>Grand souci du d\u00e9tail et bon niveau de calcul<\/li>\n<li>Volont\u00e9 d&rsquo;apprendre et d&rsquo;assumer des t\u00e2ches suppl\u00e9mentaires<\/li>\n<\/ul>\n<p><strong>Comment postuler\u00a0: <\/strong><\/p>\n<p>Pour postuler au poste d&rsquo;assistant comptable, veuillez envoyer votre CV et votre lettre de motivation \u00e0 <a href=\"mailto:recruitment@patersonsimons.com\" target=\"_blank\" rel=\"noopener\">recruitment@patersonsimons.com<\/a> et mettez \u00ab\u00a0<strong>Assistant comptable &#8211; Paterson Simons <\/strong>\u00a0\u00bb dans l&rsquo;objet de votre e-mail.<\/p>\n","protected":false},"excerpt":{"rendered":"<p>Paterson Simons &amp; CO (Afrique) Ltd Brighton, Sussex Grangemouth, Falkirk 26 \u00e0 28.000 \u00a3 par an CDI, Temps plein Assistant comptable Une opportunit\u00e9 s&rsquo;est pr\u00e9sent\u00e9e pour un assistant comptable pour aider le responsable adjoint des comptes \u00e0 fournir des informations de compte pr\u00e9cises en garantissant que le syst\u00e8me SAGE est &#8230;<\/p>\n","protected":false},"author":7,"featured_media":0,"parent":0,"menu_order":0,"comment_status":"closed","ping_status":"closed","template":"","meta":{"_acf_changed":false,"footnotes":""},"class_list":["post-11718","page","type-page","status-publish","hentry","no-post-thumbnail"],"acf":[],"_links":{"self":[{"href":"https:\/\/www.patersonsimons.com\/fr\/wp-json\/wp\/v2\/pages\/11718","targetHints":{"allow":["GET"]}}],"collection":[{"href":"https:\/\/www.patersonsimons.com\/fr\/wp-json\/wp\/v2\/pages"}],"about":[{"href":"https:\/\/www.patersonsimons.com\/fr\/wp-json\/wp\/v2\/types\/page"}],"author":[{"embeddable":true,"href":"https:\/\/www.patersonsimons.com\/fr\/wp-json\/wp\/v2\/users\/7"}],"replies":[{"embeddable":true,"href":"https:\/\/www.patersonsimons.com\/fr\/wp-json\/wp\/v2\/comments?post=11718"}],"version-history":[{"count":6,"href":"https:\/\/www.patersonsimons.com\/fr\/wp-json\/wp\/v2\/pages\/11718\/revisions"}],"predecessor-version":[{"id":12080,"href":"https:\/\/www.patersonsimons.com\/fr\/wp-json\/wp\/v2\/pages\/11718\/revisions\/12080"}],"wp:attachment":[{"href":"https:\/\/www.patersonsimons.com\/fr\/wp-json\/wp\/v2\/media?parent=11718"}],"curies":[{"name":"wp","href":"https:\/\/api.w.org\/{rel}","templated":true}]}}