{"id":11209,"date":"2023-07-18T15:14:38","date_gmt":"2023-07-18T15:14:38","guid":{"rendered":"https:\/\/www.patersonsimons.com\/logistics-administrator\/"},"modified":"2023-07-20T16:46:12","modified_gmt":"2023-07-20T16:46:12","slug":"logistics-administrator","status":"publish","type":"page","link":"https:\/\/www.patersonsimons.com\/fr\/logistics-administrator\/","title":{"rendered":"Agent Logistique"},"content":{"rendered":"<p><strong>Agent Logistique<\/strong><\/p>\n<p>Brighton and Hove, Sussex<br \/>\n\u00a321,000.00 &#8211; \u00a322,000- DOE<br \/>\nCDI, temps plein<\/p>\n<p>Une opportunit\u00e9 s&rsquo;est pr\u00e9sent\u00e9e dans l&rsquo;\u00e9quipe logistique bas\u00e9e \u00e0 Brighton, au Royaume-Uni, pour un administrateur logistique junior pour aider les quatre autres membres de l&rsquo;\u00e9quipe \u00e0 exp\u00e9dier les commandes de machines de manutention portuaire et mini\u00e8re, et de pi\u00e8ces d\u00e9tach\u00e9es d&rsquo;Europe vers de nombreuses destinations en Afrique de l&rsquo;Ouest. C&rsquo;est une opportunit\u00e9 de travailler entre les continents d&rsquo;Europe et d&rsquo;Afrique dans un environnement tr\u00e8s multiculturel. Notre soci\u00e9t\u00e9 a une excellente r\u00e9putation pour la vente de machines et de pi\u00e8ces, qinsi que pour le service que nous offrons en Afrique de l&rsquo;Ouest.<\/p>\n<p><strong>Le travail comprend\u00a0:<\/strong><br \/>\n\u2022 Traitement et exp\u00e9dition des commandes des \u00e9quipes commerciales.<br \/>\n\u2022 Envoi de rapports hebdomadaires aux principaux clients.<br \/>\n\u2022 Compl\u00e9ter la documentation selon les normes requises et s&rsquo;assurer que la proc\u00e9dure de contr\u00f4le des documents est suivie.<\/p>\n<p>Apr\u00e8s la p\u00e9riode de formation initiale, vous serez \u00e0 m\u00eame de r\u00e9soudre des probl\u00e8mes, fournir des solutions et en mesure d&rsquo;identifier quand une question doit \u00eatre transmise au responsable d&rsquo;unit\u00e9.<\/p>\n<p><strong>Dipl\u00f4mes :<\/strong><br \/>\n\u2022 Bac ou plus<\/p>\n<p><strong>Connaissances techniques :<\/strong><br \/>\n\u2022 Les qualit\u00e9s personnelles sont plus importantes que l&rsquo;exp\u00e9rience pr\u00e9c\u00e9dente car une formation compl\u00e8te sera donn\u00e9e, cependant, ce qui suit serait un plus : Connaissance de la cha\u00eene d&rsquo;approvisionnement, en particulier de la logistique, connaissance g\u00e9ographique de l&rsquo;Afrique de l&rsquo;Ouest, langue \u00e9trang\u00e8re.<\/p>\n<p><strong>Comp\u00e9tences :<\/strong><br \/>\n\u2022 Solides comp\u00e9tences en informatique; une bonne connaissance pratique d&rsquo;Excel est essentielle.<br \/>\n\u2022 Excellentes comp\u00e9tences organisationnelles avec la capacit\u00e9 de prioriser une charge de travail compl\u00e8te.<br \/>\n\u2022 Solides comp\u00e9tences en communication, tant \u00e0 l&rsquo;\u00e9crit qu&rsquo;\u00e0 l&rsquo;oral.<br \/>\n\u2022 Capable de communiquer rapidement et efficacement par courriel et par t\u00e9l\u00e9phone.<\/p>\n<p><strong>Qualit\u00e9s personnelles :<\/strong><br \/>\n\u2022 Le r\u00f4le conviendra \u00e0 quelqu&rsquo;un de flexible qui aime travailler dans un environnement tr\u00e8s dynamique et au rythme rapide.<br \/>\n\u2022 Capable de travailler de sa propre initiative, de g\u00e9rer sa propre charge de travail apr\u00e8s une p\u00e9riode de formation appropri\u00e9e, et avoir un bon esprit d&rsquo;\u00e9quipe.<br \/>\n\u2022 Bon communiquant, diplomate, efficace et capable de communiquer entre les cultures, les pays et de communiquer clairement l\u00e0 o\u00f9 l&rsquo;anglais est une langue seconde.<br \/>\n\u2022 Comprendre l&rsquo;importance des d\u00e9lais et agir rapidement dans les situations d&rsquo;urgence.<\/p>\n<p><strong>Pour postuler :<\/strong><\/p>\n<p>Pour postuler au poste d&rsquo;<strong>agent logistique<\/strong>, veuillez envoyer votre CV et votre lettre de motivation par e-mail \u00e0 <a href=\"mailto:recruitment@patersonsimons.com\" target=\"_blank\" rel=\"noopener\">recruitment@patersonsimons .com<\/a> en pr\u00e9cisant \u00ab\u00a0<strong>Agent Logistique<\/strong>\u00a0\u00bb dans l&rsquo;objet de votre e-mail.<\/p>\n","protected":false},"excerpt":{"rendered":"<p>Agent Logistique Brighton and Hove, Sussex \u00a321,000.00 &#8211; \u00a322,000- DOE CDI, temps plein Une opportunit\u00e9 s&rsquo;est pr\u00e9sent\u00e9e dans l&rsquo;\u00e9quipe logistique bas\u00e9e \u00e0 Brighton, au Royaume-Uni, pour un administrateur logistique junior pour aider les quatre autres membres de l&rsquo;\u00e9quipe \u00e0 exp\u00e9dier les commandes de machines de manutention portuaire et mini\u00e8re, et &#8230;<\/p>\n","protected":false},"author":7,"featured_media":0,"parent":0,"menu_order":0,"comment_status":"closed","ping_status":"closed","template":"","meta":{"_acf_changed":false,"footnotes":""},"class_list":["post-11209","page","type-page","status-publish","hentry","no-post-thumbnail"],"acf":[],"_links":{"self":[{"href":"https:\/\/www.patersonsimons.com\/fr\/wp-json\/wp\/v2\/pages\/11209","targetHints":{"allow":["GET"]}}],"collection":[{"href":"https:\/\/www.patersonsimons.com\/fr\/wp-json\/wp\/v2\/pages"}],"about":[{"href":"https:\/\/www.patersonsimons.com\/fr\/wp-json\/wp\/v2\/types\/page"}],"author":[{"embeddable":true,"href":"https:\/\/www.patersonsimons.com\/fr\/wp-json\/wp\/v2\/users\/7"}],"replies":[{"embeddable":true,"href":"https:\/\/www.patersonsimons.com\/fr\/wp-json\/wp\/v2\/comments?post=11209"}],"version-history":[{"count":3,"href":"https:\/\/www.patersonsimons.com\/fr\/wp-json\/wp\/v2\/pages\/11209\/revisions"}],"predecessor-version":[{"id":11230,"href":"https:\/\/www.patersonsimons.com\/fr\/wp-json\/wp\/v2\/pages\/11209\/revisions\/11230"}],"wp:attachment":[{"href":"https:\/\/www.patersonsimons.com\/fr\/wp-json\/wp\/v2\/media?parent=11209"}],"curies":[{"name":"wp","href":"https:\/\/api.w.org\/{rel}","templated":true}]}}