{"id":10354,"date":"2023-03-09T13:02:20","date_gmt":"2023-03-09T13:02:20","guid":{"rendered":"https:\/\/www.patersonsimons.com\/plant-sales-co-ordinator\/"},"modified":"2023-03-10T13:41:43","modified_gmt":"2023-03-10T13:41:43","slug":"plant-sales-co-ordinator","status":"publish","type":"page","link":"https:\/\/www.patersonsimons.com\/fr\/plant-sales-co-ordinator\/","title":{"rendered":"Coordonnateur des ventes d&rsquo;usine"},"content":{"rendered":"<p><strong>Coordonnateur des ventes d&rsquo;usine<\/strong><\/p>\n<p>TITRE DU POSTE\u00a0: Coordonnateur des ventes d&rsquo;usine<br \/>\nSERVICE : Usine<br \/>\nLIEU\u00a0: Brighton<br \/>\nENVIRONNEMENT DE TRAVAIL : Bureau<br \/>\nRESPONSABLE HIERARCHIQUE\u00a0:\u00a0Directeur des ventes de l&rsquo;usine interne<\/p>\n<p>&nbsp;<\/p>\n<p><strong>1. OBJECTIFS DU POSTE<\/strong><\/p>\n<p>Assister et soutenir l&rsquo;\u00e9quipe de vente dans la pr\u00e9paration et la soumission des devis, des commandes et des rapports. Assurer la liaison avec les \u00e9quipes des usines et les fabricants, au besoin.<\/p>\n<p><strong>2. PRINCIPALES RESPONSABILIT\u00c9S<\/strong><\/p>\n<p>1. Soutenir les directeurs des ventes francophones et anglophones dans le suivi de prospects nouveaux et existants, de feuilles de calcul mises \u00e0 jour.<br \/>\n2. Pr\u00e9parer les offres usine en fonction des exigences de l&rsquo;entreprise.<br \/>\n3. Veiller \u00e0 ce que toutes les requ\u00eates des clients soient trait\u00e9es rapidement et efficacement, y compris le suivi et la gestion des demandes de renseignements via le site Web de l&rsquo;entreprise, en transmettant aux services concern\u00e9s.<br \/>\n4. Utiliser les bases de donn\u00e9es en ligne des fournisseurs pour les prix et l&rsquo;assistance technique, le cas \u00e9ch\u00e9ant, pour compl\u00e9ter les offres.<br \/>\n5. Aider le service marketing avec documents par e-mail pour les machines neuves, d&rsquo;occasion et en stock \u00e0 vendre.<br \/>\n6. Obtenir les tarifs de transport aupr\u00e8s des soci\u00e9t\u00e9s de transport externes, des services logistiques des fournisseurs et via notre propre \u00e9quipe logistique.<br \/>\n7. Traitement et passation des commandes<br \/>\n8. Aider aux appels d&rsquo;offres, compiler les d\u00e9tails des sp\u00e9cifications aux exigences, obtenir la documentation pertinente, assurer la liaison avec les fournisseurs et pr\u00e9parer les offres dans des d\u00e9lais pr\u00e9cis<br \/>\n9. Livedrive. Cr\u00e9ation et gestion de LiveDrive pour que les ing\u00e9nieurs commerciaux puissent y acc\u00e9der \u00e0 distance.<br \/>\n10. Se tenir r\u00e9guli\u00e8rement inform\u00e9 des fiches techniques et des pr\u00e9sentations ainsi que de la documentation commerciale g\u00e9n\u00e9rale.<br \/>\n11. Aider l&rsquo;\u00e9quipe ISO \u00e0 d\u00e9velopper et \u00e0 maintenir les dossiers de l&rsquo;entreprise.<br \/>\n12. Se conformer au manuel de l&#8217;employ\u00e9, aux politiques et aux r\u00e8gles du groupe PSAL\u00a0; proc\u00e9dures. Int\u00e9grer les obligations contractuelles en mati\u00e8re d&#8217;emploi.<br \/>\n13. Se conformer \u00e0 la politique de s\u00e9curit\u00e9 du groupe et signaler toute pratique dangereuse. G\u00e9rer votre s\u00e9curit\u00e9 et celle des autres en tout temps.<br \/>\n14. Entreprendre le travail librement et r\u00e9pondre aux exigences en suspend rapidement et professionnellement<\/p>\n<p>15. Rapports sur les ventes<br \/>\na) Rassembler les donn\u00e9es des ing\u00e9nieurs commerciaux<br \/>\nb) Compiler des rapports mensuels pour les mandants bas\u00e9s sur les mises \u00e0 jour fournies par les ing\u00e9nieurs commerciaux, y compris les offres exceptionnelles, les commandes gagn\u00e9es et perdues au cours de cette p\u00e9riode<br \/>\nc) Revue b) avec le MD et les ing\u00e9nieurs commerciaux<br \/>\nd) Mettre \u00e0 jour les \u00e9l\u00e9ments marketing avec de nouvelles demandes par email pour le num\u00e9ro de la newsletter<br \/>\ne) Assister aux r\u00e9unions de vente hebdomadaires\/mensuelles pour passer en revue les rapports<\/p>\n<p>16. Listes de stock du fabricant : filtrez les donn\u00e9es pour afficher la disponibilit\u00e9 actuelle des stocks neufs et d&rsquo;occasion, les convertir en pdf et les envoyer \u00e0 tous les ing\u00e9nieurs commerciaux et marketing pour utilisation dans les futures informations de vente et de marketing<br \/>\n17. Donn\u00e9es marketing\u00a0: utilisez les donn\u00e9es fournies en d\u00e9taillant le nombre de visites et l&rsquo;int\u00e9r\u00eat pour le site Web de l&rsquo;entreprise.<br \/>\n18. Fournir de l&rsquo;aide, au besoin, aux directeurs r\u00e9gionaux des ventes de l&rsquo;usine pour le suivi des pistes de vente, au besoin.<br \/>\n19. Compiler des rapports de pays pour les march\u00e9s en expansion.<\/p>\n<p><strong>T\u00e2ches de supervision<\/strong><\/p>\n<p><strong>Formation et missions de d\u00e9veloppement<\/strong><\/p>\n<p>1. Participer ouvertement \u00e0 toutes les formes de formation pour le b\u00e9n\u00e9fice de l&rsquo;entreprise et l&rsquo;am\u00e9lioration des comp\u00e9tences personnelles.<br \/>\n2. Participer \u00e0 votre propre d\u00e9veloppement : rechercher des cours en ligne sur les objectifs de l\u2019entreprise et pr\u00e9senter les avantages chiffr\u00e9s pour la d\u00e9cision de la direction (Lors de l\u2019\u00e9valuation annuelle, mais attendu aussi p\u00e9riodiquement).<br \/>\n3. Transf\u00e9rer les connaissances et les comp\u00e9tences aux autres membres de l&rsquo;\u00e9quipe de l&rsquo;usine, mais aussi \u00e0 travers l&rsquo;entreprise et ses filiales<\/p>\n<p><strong>QUALIFICATIONS &#038; COMP\u00c9TENCES<\/strong><\/p>\n<p><strong>Qualification scolaire<\/strong><br \/>\n\u2022 Dipl\u00f4me ou exp\u00e9rience pertinente dans l&rsquo;industrie<\/p>\n<p><strong>Techniques et Technologique<\/strong><br \/>\n\u2022 Capacit\u00e9 \u00e0 apprendre et \u00e0 connaitre les connaissances techniques de l&rsquo;\u00e9quipement de l&rsquo;usine \u00e0 d\u00e9velopper par le biais de la formation<\/p>\n<p><strong>Gestionnaire<\/strong><\/p>\n<p>Exp\u00e9rience de travail sp\u00e9cifique<br \/>\n\u2022 Exp\u00e9rience d&rsquo;utilisation pertinente dans l&rsquo;industrie et l&rsquo;exportation.<\/p>\n<p><strong>Attributs personnels<\/strong><\/p>\n<p>\u2022 Responsable et fiable<br \/>\n\u2022 Autonome<br \/>\n\u2022 Ma\u00eetrise de Microsoft Word et Excel<br \/>\n\u2022 Communiquant diplomate et efficace (\u00e9crit et verbal) et capable de communiquer \u00e0 travers de nombreuses cultures, pays et de communiquer clairement avec les clients et fournisseurs avec qui l&rsquo;anglais est une deuxi\u00e8me langue.<br \/>\n\u2022 Solides comp\u00e9tences linguistiques en fran\u00e7ais.<\/p>\n<p>&nbsp;<\/p>\n<p><strong>Comment postuler\u00a0:<\/strong><\/p>\n<p>Pour postuler au poste de <strong>coordonnateur des ventes d&rsquo;usine<\/strong>\u00a0, veuillez envoyer votre CV et une lettre de motivation \u00e0\u00a0<a href=\"https:\/\/www.patersonsimons.com\/junior-accounts-assistant\/recruitment@patersonsimons .com\" target=\"_blank\" rel=\"noopener\">recruitment@patersonsimons.com<\/a> et indiquez \u00ab\u00a0<strong>coordonnateur des ventes d&rsquo;usine<\/strong>\u00a0\u00bb dans l&rsquo;objet de votre e-mail.<\/p>\n<p>&nbsp;<\/p>\n<p>Veuillez noter que :<\/p>\n<ul>\n<li>Ce poste est bas\u00e9 \u00e0 Brighton, au Royaume-Uni<\/li>\n<\/ul>\n","protected":false},"excerpt":{"rendered":"<p>Coordonnateur des ventes d&rsquo;usine TITRE DU POSTE\u00a0: Coordonnateur des ventes d&rsquo;usine SERVICE : Usine LIEU\u00a0: Brighton ENVIRONNEMENT DE TRAVAIL : Bureau RESPONSABLE HIERARCHIQUE\u00a0:\u00a0Directeur des ventes de l&rsquo;usine interne &nbsp; 1. OBJECTIFS DU POSTE Assister et soutenir l&rsquo;\u00e9quipe de vente dans la pr\u00e9paration et la soumission des devis, des commandes et &#8230;<\/p>\n","protected":false},"author":7,"featured_media":0,"parent":0,"menu_order":0,"comment_status":"closed","ping_status":"closed","template":"","meta":{"_acf_changed":false,"footnotes":""},"class_list":["post-10354","page","type-page","status-publish","hentry","no-post-thumbnail"],"acf":[],"_links":{"self":[{"href":"https:\/\/www.patersonsimons.com\/fr\/wp-json\/wp\/v2\/pages\/10354","targetHints":{"allow":["GET"]}}],"collection":[{"href":"https:\/\/www.patersonsimons.com\/fr\/wp-json\/wp\/v2\/pages"}],"about":[{"href":"https:\/\/www.patersonsimons.com\/fr\/wp-json\/wp\/v2\/types\/page"}],"author":[{"embeddable":true,"href":"https:\/\/www.patersonsimons.com\/fr\/wp-json\/wp\/v2\/users\/7"}],"replies":[{"embeddable":true,"href":"https:\/\/www.patersonsimons.com\/fr\/wp-json\/wp\/v2\/comments?post=10354"}],"version-history":[{"count":2,"href":"https:\/\/www.patersonsimons.com\/fr\/wp-json\/wp\/v2\/pages\/10354\/revisions"}],"predecessor-version":[{"id":10356,"href":"https:\/\/www.patersonsimons.com\/fr\/wp-json\/wp\/v2\/pages\/10354\/revisions\/10356"}],"wp:attachment":[{"href":"https:\/\/www.patersonsimons.com\/fr\/wp-json\/wp\/v2\/media?parent=10354"}],"curies":[{"name":"wp","href":"https:\/\/api.w.org\/{rel}","templated":true}]}}