{"id":10351,"date":"2023-03-09T12:52:12","date_gmt":"2023-03-09T12:52:12","guid":{"rendered":"https:\/\/www.patersonsimons.com\/junior-accounts-assistant\/"},"modified":"2023-03-10T13:31:35","modified_gmt":"2023-03-10T13:31:35","slug":"junior-accounts-assistant","status":"publish","type":"page","link":"https:\/\/www.patersonsimons.com\/fr\/junior-accounts-assistant\/","title":{"rendered":"Assistant comptable junior"},"content":{"rendered":"<p><strong>Assistant comptable junior<\/strong><\/p>\n<p>Localisation : Brighton and Hove, Sussex<br \/>\nTemps plein \/ CDI<br \/>\nD\u00e9partement : Comptabilit\u00e9 des soci\u00e9t\u00e9s filiales<br \/>\nEnvironnement de travail : Bureau<br \/>\nresponsable hi\u00e9rarchique\u00a0:\u00a0Responsable des comptes filiales<\/p>\n<p><strong>Objectif du poste\u00a0:<\/strong><\/p>\n<p>Assurer la saisie exacte des donn\u00e9es comptables dans le syst\u00e8me comptable. Rapports en temps opportun au niveau de la direction. Prendre et ex\u00e9cuter correctement les instructions.<\/p>\n<p><strong>Responsabilit\u00e9s cl\u00e9s\u00a0:<\/strong><\/p>\n<p>\u2022 Mise en place de nouveaux comptes clients &amp; fournisseurs dans Sage (y compris la maintenance des fichiers ma\u00eetres correspondants).<br \/>\n\u2022 Pr\u00e9paration quotidienne et saisie des paiements bancaires\/virements interbancaires dans Sage (y compris la validation, le matching, les suppression et la distribution des requ\u00eates ult\u00e9rieures).<br \/>\n\u2022 Pr\u00e9paration quotidienne et saisie des calendriers de d\u00e9p\u00f4t bancaire dans Sage (y compris les r\u00e9f\u00e9rences crois\u00e9es avec le calendrier de r\u00e9ception de la veille pour garantir l&rsquo;exhaustivit\u00e9, le transfert d&rsquo;argent de notre compte de d\u00e9p\u00f4t non bancaire vers les comptes pertinents).<br \/>\n\u2022 Pr\u00e9paration quotidienne et saisie des calendriers de petite caisse de Takoradi (GHS\/USD\/) dans Sage (y compris confirmation que le solde d&rsquo;ouverture correspond au solde de cl\u00f4ture de la veille).<br \/>\n\u2022 Pr\u00e9paration quotidienne et entr\u00e9e de la petite caisse d&rsquo;Accra (GHS\/USD) (y compris confirmation que le solde d&rsquo;ouverture correspond au solde de cl\u00f4ture de la veille).<br \/>\n\u2022 Pr\u00e9paration quotidienne et saisie du calendrier des factures AR dans Sage (y compris rapprochement\/radiations)<br \/>\n\u2022 Pr\u00e9paration quotidienne et saisie du calendrier des re\u00e7us AR dans Sage (y compris la correspondance\/les radiations)<br \/>\n\u2022 Pr\u00e9paration hebdomadaire et saisie de la petite caisse du service d&rsquo;Accra (y compris confirmation que le solde d&rsquo;ouverture correspond au solde de cl\u00f4ture des semaines pr\u00e9c\u00e9dentes).<br \/>\n\u2022 Pr\u00e9paration, contr\u00f4le et saisie des formulaires de retour TREK (y compris la confirmation de l&rsquo;exhaustivit\u00e9 et les requ\u00eates ult\u00e9rieures).<br \/>\n\u2022 Pr\u00e9paration et distribution bihebdomadaires du rapport de retour TREK (y compris examen de l&rsquo;exactitude, de l&rsquo;exhaustivit\u00e9 et de la signature ad\u00e9quate).<br \/>\n\u2022 Pr\u00e9paration bi-hebdomadaire, rapprochement et distribution du rapport de r\u00e9ception provisoire.<br \/>\n\u2022 Pr\u00e9paration, examen et saisie des factures des fournisseurs telles que re\u00e7ues du Ghana.<br \/>\n\u2022 R\u00e9partition quotidienne des paiements sur les comptes fournisseurs au sein de Sage (y compris la saisie des journaux de d\u00e9duction\/ajustement n\u00e9cessaires).<br \/>\n\u2022 Pr\u00e9paration, ach\u00e8vement, maintenance et examen du rapport d&rsquo;approbation de paiement pour transmission au gestionnaire.<br \/>\n\u2022 Rapports et rapprochements requis par le gestionnaire et les autres membres du service de compte.<\/p>\n<p><strong>T\u00e2ches de supervision\u00a0:<\/strong> N\/A<\/p>\n<p><strong>Formation et T\u00e2ches de d\u00e9veloppement\u00a0:<\/strong><\/p>\n<p>1. Participer ouvertement \u00e0 toutes les formes de formation pour le b\u00e9n\u00e9fice de l&rsquo;entreprise et l&rsquo;am\u00e9lioration des capacit\u00e9s personnelles.<br \/>\n2. G\u00e9rer votre propre d\u00e9veloppement : rechercher des cours en ligne sur les objectifs de l&rsquo;entreprise et pr\u00e9senter les avantages chiffr\u00e9s pour la d\u00e9cision de la direction (Lors de l&rsquo;\u00e9valuation annuelle, mais attendu aussi p\u00e9riodiquement).<br \/>\n3. Capacit\u00e9 \u00e0 \u00e9tudier pour les examens professionnels AAT<\/p>\n<p><strong>Qualification et\u00a0Comp\u00e9tences\u00a0:<\/strong><\/p>\n<p><strong>Qualification scolaire\u00a0:<\/strong> Capable de d\u00e9montrer un bon niveau d&rsquo;\u00e9ducation, en particulier en ce qui concerne la langue parl\u00e9e et \u00e9crite et les math\u00e9matiques, de pr\u00e9f\u00e9rence avec les math\u00e9matiques et l&rsquo;anglais GCSE ou l&rsquo;\u00e9quivalent<\/p>\n<p><strong>Techniques et\u00a0; Technologique\u00a0:<\/strong> Connaissances en informatique avec une solide connaissance prouvable de MS Office, en particulier d&rsquo;Excel<br \/>\n<strong>Gestionnaire\u00a0:<\/strong> Capable de d\u00e9montrer de solides comp\u00e9tences administratives et organisationnelles<br \/>\n<strong>Exp\u00e9rience de travail sp\u00e9cifique\u00a0:<\/strong> Aucune exp\u00e9rience pertinente sp\u00e9cifique requise mais peut \u00eatre utile<br \/>\n<strong>Attributs personnels\u00a0:<\/strong><br \/>\nCapacit\u00e9 \u00e0 hi\u00e9rarchiser sa propre charge de travail dans un environnement actif et sous pression. Bon communicateur avec d&rsquo;excellentes comp\u00e9tences interpersonnelles<br \/>\nTr\u00e8s organis\u00e9<br \/>\nGrand souci du d\u00e9tail avec un bon niveau de pr\u00e9cision.<br \/>\nCapacit\u00e9 \u00e0 traiter avec des clients et des fournisseurs issus de milieux culturels divers<\/p>\n<p>&nbsp;<\/p>\n<p><strong>Comment postuler\u00a0:<\/strong><\/p>\n<p>Pour postuler au poste d&rsquo;<strong>assistant comptable junior<\/strong>, veuillez envoyer votre CV et votre lettre de motivation par e-mail \u00e0 <a href=\"recruitment@patersonsimons.com\" target=\"_blank\" rel=\"noopener\">recruitment@patersonsimons. com<\/a> et indiquez \u00ab\u00a0Assistant comptable junior\u00a0\u00bb dans l&rsquo;objet de votre e-mail.<\/p>\n<p>&nbsp;<\/p>\n<p>Veuillez noter:<\/p>\n<ul>\n<li>Aucune exp\u00e9rience pertinente sp\u00e9cifique n&rsquo;est requise, mais peut \u00eatre utile<\/li>\n<li>Ce poste est bas\u00e9 \u00e0 Brighton, au Royaume-Uni<\/li>\n<\/ul>\n<p>&nbsp;<\/p>\n","protected":false},"excerpt":{"rendered":"<p>Assistant comptable junior Localisation : Brighton and Hove, Sussex Temps plein \/ CDI D\u00e9partement : Comptabilit\u00e9 des soci\u00e9t\u00e9s filiales Environnement de travail : Bureau responsable hi\u00e9rarchique\u00a0:\u00a0Responsable des comptes filiales Objectif du poste\u00a0: Assurer la saisie exacte des donn\u00e9es comptables dans le syst\u00e8me comptable. Rapports en temps opportun au niveau de &#8230;<\/p>\n","protected":false},"author":7,"featured_media":0,"parent":0,"menu_order":0,"comment_status":"closed","ping_status":"closed","template":"","meta":{"_acf_changed":false,"footnotes":""},"class_list":["post-10351","page","type-page","status-publish","hentry","no-post-thumbnail"],"acf":[],"_links":{"self":[{"href":"https:\/\/www.patersonsimons.com\/fr\/wp-json\/wp\/v2\/pages\/10351","targetHints":{"allow":["GET"]}}],"collection":[{"href":"https:\/\/www.patersonsimons.com\/fr\/wp-json\/wp\/v2\/pages"}],"about":[{"href":"https:\/\/www.patersonsimons.com\/fr\/wp-json\/wp\/v2\/types\/page"}],"author":[{"embeddable":true,"href":"https:\/\/www.patersonsimons.com\/fr\/wp-json\/wp\/v2\/users\/7"}],"replies":[{"embeddable":true,"href":"https:\/\/www.patersonsimons.com\/fr\/wp-json\/wp\/v2\/comments?post=10351"}],"version-history":[{"count":2,"href":"https:\/\/www.patersonsimons.com\/fr\/wp-json\/wp\/v2\/pages\/10351\/revisions"}],"predecessor-version":[{"id":10353,"href":"https:\/\/www.patersonsimons.com\/fr\/wp-json\/wp\/v2\/pages\/10351\/revisions\/10353"}],"wp:attachment":[{"href":"https:\/\/www.patersonsimons.com\/fr\/wp-json\/wp\/v2\/media?parent=10351"}],"curies":[{"name":"wp","href":"https:\/\/api.w.org\/{rel}","templated":true}]}}