{"id":10156,"date":"2023-02-08T09:22:46","date_gmt":"2023-02-08T09:22:46","guid":{"rendered":"https:\/\/www.patersonsimons.com\/parts-co-ordinator\/"},"modified":"2023-02-08T10:40:36","modified_gmt":"2023-02-08T10:40:36","slug":"parts-co-ordinator","status":"publish","type":"page","link":"https:\/\/www.patersonsimons.com\/fr\/parts-co-ordinator\/","title":{"rendered":"Coordinnateur pi\u00e8ces"},"content":{"rendered":"<p><strong>Coordinnateur Pi\u00e8ces<\/strong><\/p>\n<p>Lieu : Brighton and Hove, Sussex<br \/>\nD\u00e9partement : Pi\u00e8ces d\u00e9tach\u00e9es<br \/>\nEnvironnement de travail : Bureau<br \/>\nRel\u00e8ve directement de\u00a0:\u00a0Gestionnaire des pi\u00e8ces<\/p>\n<p><strong>Mission du poste :<\/strong><\/p>\n<p>Assurer un service efficace aux clients en traitant toutes les demandes de pi\u00e8ces de rechange re\u00e7ues directement des clients, selon besoins ou suite dysfonctionnement de la machine pour \u00e9valuer les pi\u00e8ces n\u00e9cessaires ou via des ing\u00e9nieurs travaillant avec les clients.<\/p>\n<p><strong>Responsabilit\u00e9s :<\/strong><\/p>\n<ol>\n<li>\u00c9tablir des relations avec les clients, les fournisseurs et les fabricants, ainsi qu&rsquo;avec les ing\u00e9nieurs de l&rsquo;entreprise et le personnel des filiales<\/li>\n<li>Pr\u00e9parer des devis de pi\u00e8ces d\u00e9taill\u00e9s pour les clients en utilisant toutes les ressources disponibles, y compris les ressources en ligne, les catalogues de pi\u00e8ces, les sch\u00e9mas, les tarifs des fournisseurs<\/li>\n<li>D\u00e9terminer les pi\u00e8ces de rechange n\u00e9cessaires, en fonction des inspections des anciennes pi\u00e8ces, des demandes des clients ou des descriptions des clients<\/li>\n<li>Conseiller les clients sur le remplacement ou la modification de pi\u00e8ces lorsque des pi\u00e8ces de rechange d&rsquo;origine ne sont pas disponibles<\/li>\n<li>Informer les clients des mises \u00e0 jour et r\u00e9pondre aux questions concernant les prix, les d\u00e9lais, les probl\u00e8mes techniques<\/li>\n<li>\u00c0 la r\u00e9ception de la commande du client, passer la commande aupr\u00e8s des fournisseurs en s&rsquo;assurant que la documentation appropri\u00e9e est remplie avec pr\u00e9cision et dans les d\u00e9lais requis par le client<\/li>\n<li>Assurer la liaison quotidienne avec les filiales en Afrique de l&rsquo;Ouest concernant le stock et les besoins en pi\u00e8ces d\u00e9tach\u00e9es<\/li>\n<li>Suivre les commandes et tenir les clients inform\u00e9s de l&rsquo;avancement<\/li>\n<li>Se conformer au manuel de l&#8217;employ\u00e9, aux politiques du groupe\u00a0PSAL<\/li>\n<li>Respectez la politique de s\u00e9curit\u00e9 du groupe et signaler toute pratique dangereuse. G\u00e9rer votre s\u00e9curit\u00e9 et celle des autres \u00e0 tout moment.<\/li>\n<\/ol>\n<p><strong>Formation et d\u00e9veloppement\u00a0:<\/strong><\/p>\n<ol>\n<li>Participer aux actions de formation dans l&rsquo;int\u00e9r\u00eat de l&rsquo;entreprise et des capacit\u00e9s\/s\u00e9curit\u00e9 personnelles<\/li>\n<li>Etre responsable de son propre d\u00e9veloppement\u00a0; rechercher des cours adapt\u00e9s sur les objectifs de l&rsquo;entreprise &amp; pr\u00e9senter les avantages chiffr\u00e9s des formations pour la d\u00e9cision de la direction. <\/li>\n<\/ol>\n<p><strong>Qualification &amp; Comp\u00e9tences :<\/strong><\/p>\n<p>Qualification scolaire\u00a0: Capable de d\u00e9montrer un bon niveau d&rsquo;\u00e9ducation, en particulier en ce qui concerne la langue parl\u00e9e et \u00e9crite et les math\u00e9matiques, de pr\u00e9f\u00e9rence avec les math\u00e9matiques et l&rsquo;anglais GCSE ou l&rsquo;\u00e9quivalent.<br \/>\nTechnique &amp; Technologique : Connaissances en informatique avec une solide connaissance d\u00e9montrable de MS Office, en particulier d&rsquo;Excel<br \/>\nManagement\u00a0: Capable de d\u00e9montrer de solides comp\u00e9tences administratives et organisationnelles<br \/>\nExp\u00e9rience de travail sp\u00e9cifique\u00a0: exp\u00e9rience ant\u00e9rieure dans un environnement de fabrication, d&rsquo;ing\u00e9nierie ou similaire avec une compr\u00e9hension technique et une exp\u00e9rience du type d&rsquo;\u00e9quipement fourni. Une exp\u00e9rience des ventes \u00e0 l&rsquo;exportation et du support apr\u00e8s-vente est \u00e9galement requise dans le r\u00f4le.<\/p>\n<p><strong>Personnalit\u00e9 :<\/strong><\/p>\n<p>Capacit\u00e9 \u00e0 hi\u00e9rarchiser sa propre charge de travail dans un environnement actif et sous pression. Bon communicant avec d&rsquo;excellentes comp\u00e9tences interpersonnelles<br \/>\nTr\u00e8s organis\u00e9<br \/>\nGrand souci du d\u00e9tail.<br \/>\nCapacit\u00e9 \u00e0 traiter avec des clients et des fournisseurs issus de milieux culturels divers<br \/>\nDes comp\u00e9tences en fran\u00e7ais seraient b\u00e9n\u00e9fiques mais ne sont pas indispensables.<\/p>\n<p><strong>Comment postuler :<\/strong><\/p>\n<p>Pour postuler au poste de coordinateur pi\u00e8ces, veuillez envoyer votre CV et une lettre de motivation \u00e0 <a href=\"mailto:recruitment@patersonsimons.com\" target=\"_blank\" rel=\"noopener\">recruitment@patersonsimons.com<\/ a> et indiquez \u00ab\u00a0<strong>Coordinateur pi\u00e8ces <\/strong>\u00a0\u00bb dans l&rsquo;objet de votre e-mail.<\/p>\n","protected":false},"excerpt":{"rendered":"<p>Coordinnateur Pi\u00e8ces Lieu : Brighton and Hove, Sussex D\u00e9partement : Pi\u00e8ces d\u00e9tach\u00e9es Environnement de travail : Bureau Rel\u00e8ve directement de\u00a0:\u00a0Gestionnaire des pi\u00e8ces Mission du poste : Assurer un service efficace aux clients en traitant toutes les demandes de pi\u00e8ces de rechange re\u00e7ues directement des clients, selon besoins ou suite dysfonctionnement &#8230;<\/p>\n","protected":false},"author":7,"featured_media":0,"parent":0,"menu_order":0,"comment_status":"closed","ping_status":"closed","template":"","meta":{"_acf_changed":false,"footnotes":""},"class_list":["post-10156","page","type-page","status-publish","hentry","no-post-thumbnail"],"acf":[],"_links":{"self":[{"href":"https:\/\/www.patersonsimons.com\/fr\/wp-json\/wp\/v2\/pages\/10156","targetHints":{"allow":["GET"]}}],"collection":[{"href":"https:\/\/www.patersonsimons.com\/fr\/wp-json\/wp\/v2\/pages"}],"about":[{"href":"https:\/\/www.patersonsimons.com\/fr\/wp-json\/wp\/v2\/types\/page"}],"author":[{"embeddable":true,"href":"https:\/\/www.patersonsimons.com\/fr\/wp-json\/wp\/v2\/users\/7"}],"replies":[{"embeddable":true,"href":"https:\/\/www.patersonsimons.com\/fr\/wp-json\/wp\/v2\/comments?post=10156"}],"version-history":[{"count":2,"href":"https:\/\/www.patersonsimons.com\/fr\/wp-json\/wp\/v2\/pages\/10156\/revisions"}],"predecessor-version":[{"id":10158,"href":"https:\/\/www.patersonsimons.com\/fr\/wp-json\/wp\/v2\/pages\/10156\/revisions\/10158"}],"wp:attachment":[{"href":"https:\/\/www.patersonsimons.com\/fr\/wp-json\/wp\/v2\/media?parent=10156"}],"curies":[{"name":"wp","href":"https:\/\/api.w.org\/{rel}","templated":true}]}}